{"id":38,"date":"2022-12-28T22:04:04","date_gmt":"2022-12-28T22:04:04","guid":{"rendered":"https:\/\/samuelrotker.dev\/?page_id=38"},"modified":"2025-12-23T17:52:19","modified_gmt":"2025-12-23T23:52:19","slug":"sobre-mi","status":"publish","type":"page","link":"https:\/\/samuelrotker.dev\/es\/sobre-mi\/","title":{"rendered":"Sobre m\u00ed"},"content":{"rendered":"\n<div style=\"height:40px\" aria-hidden=\"true\" class=\"wp-block-spacer\"><\/div>\n\n\n\n<h2 class=\"wp-block-heading has-text-align-center\" style=\"font-size:42px\"><strong><strong>Sobre m\u00ed<\/strong><\/strong><\/h2>\n\n\n\n<figure class=\"wp-block-image size-large is-style-default\"><img decoding=\"async\" width=\"1024\" height=\"768\" src=\"https:\/\/samuelrotker.dev\/es\/wp-content\/uploads\/sites\/3\/Samuel-Rotker-profile-pic-1024x768.jpeg\" alt=\"\" class=\"wp-image-2869\" style=\"aspect-ratio:16\/9;object-fit:cover\" srcset=\"https:\/\/samuelrotker.dev\/es\/wp-content\/uploads\/sites\/3\/Samuel-Rotker-profile-pic-1024x768.jpeg 1024w, https:\/\/samuelrotker.dev\/es\/wp-content\/uploads\/sites\/3\/Samuel-Rotker-profile-pic-300x225.jpeg 300w, https:\/\/samuelrotker.dev\/es\/wp-content\/uploads\/sites\/3\/Samuel-Rotker-profile-pic-768x576.jpeg 768w, https:\/\/samuelrotker.dev\/es\/wp-content\/uploads\/sites\/3\/Samuel-Rotker-profile-pic-702x526.jpeg 702w, https:\/\/samuelrotker.dev\/es\/wp-content\/uploads\/sites\/3\/Samuel-Rotker-profile-pic.jpeg 1200w\" sizes=\"(max-width: 1024px) 100vw, 1024px\" \/><\/figure>\n\n\n\n<div style=\"height:28px\" aria-hidden=\"true\" class=\"wp-block-spacer\"><\/div>\n\n\n\n<p class=\"has-text-align-center justify\">Desde 2017 ayudo a negocios a convertir sus sitios web en sistemas claros y eficientes que acompa\u00f1an sus objetivos y generan resultados reales.<\/p>\n\n\n\n<p class=\"has-text-align-center justify\">A lo largo de los a\u00f1os, he acompa\u00f1ado a marcas y equipos de distintos tama\u00f1os a dar vida a sus ideas, superar desaf\u00edos t\u00e9cnicos y construir sitios web que realmente marcan la diferencia.<\/p>\n\n\n\n<p class=\"has-text-align-center justify\">Lo que aprend\u00ed es simple:<br>un sitio web solo funciona cuando la estrategia y la ejecuci\u00f3n trabajan juntas.<br>Buen dise\u00f1o y buen c\u00f3digo no alcanzan si no hay claridad de mensaje, una estructura intencional y una comprensi\u00f3n del recorrido del usuario y c\u00f3mo eso se traduce en resultados.<\/p>\n\n\n\n<p class=\"has-text-align-center justify\">Por eso <a href=\"https:\/\/samuelrotker.dev\/es\/servicio\/\" data-type=\"page\" data-id=\"32\">mi enfoque es integral<\/a> por naturaleza: combino ejecuci\u00f3n t\u00e9cnica con visi\u00f3n estrat\u00e9gica, siempre adaptada al contexto particular de cada proyecto.<\/p>\n\n\n\n<p class=\"has-text-align-center justify\">Me mantengo al d\u00eda con lo \u00faltimo en WordPress, buenas pr\u00e1cticas y estrategia web \u2014 pero con un cable a tierra a lo que m\u00e1s importa: construir con claridad, cuidado e intenci\u00f3n.<\/p>\n\n\n\n<hr class=\"wp-block-separator alignwide has-alpha-channel-opacity is-style-wide\"\/>\n\n\n\n<div class=\"wp-block-group\"><div class=\"wp-block-group__inner-container is-layout-constrained wp-block-group-is-layout-constrained\">\n<div style=\"height:15px\" aria-hidden=\"true\" class=\"wp-block-spacer\"><\/div>\n\n\n\n<h2 class=\"wp-block-heading has-text-align-center\"><strong>Detr\u00e1s de mi enfoque<\/strong><\/h2>\n\n\n\n<hr class=\"wp-block-separator aligncenter has-alpha-channel-opacity is-style-default\"\/>\n\n\n\n<p class=\"has-text-align-center justify\">Creo que la web es un espacio poderoso, no solo para vender, sino para dar vida a ideas. Una p\u00e1gina bien pensada puede convertirse en un punto de descubrimiento silencioso para alguien que ni siquiera sab\u00eda que estaba buscando\u2026 y convertir ese hallazgo en una oportunidad real.<\/p>\n\n\n\n<p class=\"has-text-align-center justify\">Por eso tiendo a trabajar con negocios que valoran c\u00f3mo se presentan y la experiencia que generan. Ya sea un fundador independiente, un peque\u00f1o equipo o de una empresa grande, el objetivo es siempre el mismo: construir algo que realmente funcione.<\/p>\n\n\n\n<p class=\"has-text-align-center justify\">El desarrollo web, la estructura de contenidos y la visibilidad estrat\u00e9gica no son solo herramientas t\u00e9cnicas, son palancas para un crecimiento alineado y sostenible.<\/p>\n<\/div><\/div>\n\n\n\n<div style=\"height:45px\" aria-hidden=\"true\" class=\"wp-block-spacer\"><\/div>\n\n\n\n<div class=\"wp-block-group alignfull testimonio has-background\" style=\"background-color:#f3fffa\"><div class=\"wp-block-group__inner-container is-layout-constrained wp-block-group-is-layout-constrained\">\n<div style=\"height:66px\" aria-hidden=\"true\" class=\"wp-block-spacer\"><\/div>\n\n\n\n<div class=\"wp-block-group alignwide\"><div class=\"wp-block-group__inner-container is-layout-constrained wp-block-group-is-layout-constrained\">\n<div class=\"wp-block-columns column-reverse is-layout-flex wp-container-core-columns-is-layout-9d6595d7 wp-block-columns-is-layout-flex\">\n<div class=\"wp-block-column testimonio-imagen is-layout-flow wp-block-column-is-layout-flow\" style=\"flex-basis:55%\">\n<figure class=\"wp-block-image alignfull size-large clientes-web-desktop\"><img decoding=\"async\" width=\"1024\" height=\"555\" src=\"https:\/\/samuelrotker.dev\/es\/wp-content\/uploads\/sites\/3\/Web-development-project-conscious-business-ecological-retreat-center-desktop-1024x555.jpg\" alt=\"fincavidaverde.com\" class=\"wp-image-3364\" srcset=\"https:\/\/samuelrotker.dev\/es\/wp-content\/uploads\/sites\/3\/Web-development-project-conscious-business-ecological-retreat-center-desktop-1024x555.jpg 1024w, https:\/\/samuelrotker.dev\/es\/wp-content\/uploads\/sites\/3\/Web-development-project-conscious-business-ecological-retreat-center-desktop-300x163.jpg 300w, https:\/\/samuelrotker.dev\/es\/wp-content\/uploads\/sites\/3\/Web-development-project-conscious-business-ecological-retreat-center-desktop-768x416.jpg 768w, https:\/\/samuelrotker.dev\/es\/wp-content\/uploads\/sites\/3\/Web-development-project-conscious-business-ecological-retreat-center-desktop-720x390.jpg 720w, https:\/\/samuelrotker.dev\/es\/wp-content\/uploads\/sites\/3\/Web-development-project-conscious-business-ecological-retreat-center-desktop.jpg 1200w\" sizes=\"(max-width: 1024px) 100vw, 1024px\" \/><\/figure>\n\n\n<div class=\"wp-block-image clientes-web-mobile\">\n<figure class=\"alignright size-full\"><img decoding=\"async\" width=\"320\" height=\"564\" src=\"https:\/\/samuelrotker.dev\/es\/wp-content\/uploads\/sites\/3\/Web-development-project-conscious-business-ecological-retreat-center-mobile.jpg\" alt=\"fincavidaverde.com\" class=\"wp-image-3365\" srcset=\"https:\/\/samuelrotker.dev\/es\/wp-content\/uploads\/sites\/3\/Web-development-project-conscious-business-ecological-retreat-center-mobile.jpg 320w, https:\/\/samuelrotker.dev\/es\/wp-content\/uploads\/sites\/3\/Web-development-project-conscious-business-ecological-retreat-center-mobile-170x300.jpg 170w\" sizes=\"(max-width: 320px) 100vw, 320px\" \/><\/figure>\n<\/div><\/div>\n\n\n\n<div class=\"wp-block-column is-layout-flow wp-block-column-is-layout-flow\" style=\"flex-basis:45%\">\n<p class=\"testimonial-text\">\n  Contrat\u00e9 a Sam inicialmente para resolver algunos problemas t\u00e9cnicos que ten\u00eda con el backend de mi sitio web anterior, y despu\u00e9s de una consulta muy generosa decid\u00ed avanzar con un sitio completamente nuevo desde cero. Sam hizo todas las preguntas adecuadas para ayudarme a aclarar las verdaderas necesidades digitales de mi negocio<span class=\"ellipsis\">&#8230;<\/span><span class=\"more-text\" style=\"display:none;\">, lo que finalmente result\u00f3 en un sitio much\u00edsimo m\u00e1s funcional y alineado con el proyecto del que hab\u00edamos tenido antes. Desde el principio todo fue claro con \u00e9l, y dedic\u00f3 el tiempo necesario para lograr el mejor resultado. Los peque\u00f1os ajustes que ped\u00ed se resolvieron r\u00e1pido y sin complicaciones. El \u00fanico problema es que ahora ya no puedo echarle la culpa a mi web cuando no encuentro el tiempo para actualizarla. Recomiendo trabajar con Sam para todo lo relacionado con WordPress.<\/span>\n  <small><a href=\"#\" class=\"readmore-link\" aria-expanded=\"false\">Leer m\u00e1s [+]<\/a><\/small>\n<\/p>\n\n\n\n<p><strong>Matthew Human<br><\/strong>Finca Vida Verde<\/p>\n\n\n\n<p><a href=\"https:\/\/samuelrotker.dev\/es\/proyectos\/finca-vida-verde\/\" data-type=\"page\" data-id=\"3557\">Ver el resultado<\/a><\/p>\n<\/div>\n<\/div>\n<\/div><\/div>\n\n\n\n<div style=\"height:33px\" aria-hidden=\"true\" class=\"wp-block-spacer\"><\/div>\n<\/div><\/div>\n\n\n\n<div style=\"height:15px\" aria-hidden=\"true\" class=\"wp-block-spacer\"><\/div>\n\n\n\n<span class=\"dashicons encabezados dashicons-superhero-alt\"><\/span>\n\n\n\n<h2 class=\"wp-block-heading has-text-align-center\" style=\"font-size:42px\"><strong>Misi\u00f3n &amp; Visi\u00f3n<\/strong><\/h2>\n\n\n\n<hr class=\"wp-block-separator aligncenter has-alpha-channel-opacity is-style-default\"\/>\n\n\n\n<div class=\"wp-block-group\"><div class=\"wp-block-group__inner-container is-layout-constrained wp-block-group-is-layout-constrained\">\n<h3 class=\"wp-block-heading has-text-align-center margin-bottom-5\"><strong>Misi\u00f3n<\/strong><\/h3>\n\n\n\n<p class=\"has-text-align-center justify\">Ayudar a negocios que comprenden el valor de una presencia online s\u00f3lida presencia a conectar con el p\u00fablico correcto a trav\u00e9s de sitios web con prop\u00f3sito y visibilidad estrat\u00e9gica, creados para potenciar su crecimiento.<\/p>\n\n\n\n<h3 class=\"wp-block-heading has-text-align-center margin-bottom-5\">Visi\u00f3n<\/h3>\n\n\n\n<p class=\"has-text-align-center justify\">Contribuir a un ecosistema digital m\u00e1s consciente donde las marcas se muestren con intenci\u00f3n, conecten de forma genuina y crezcan con integridad.<\/p>\n<\/div><\/div>\n\n\n\n<div style=\"height:15px\" aria-hidden=\"true\" class=\"wp-block-spacer\"><\/div>\n\n\n\n<hr class=\"wp-block-separator alignwide has-alpha-channel-opacity is-style-wide\"\/>\n\n\n\n<div id=\"core-values\" class=\"wp-block-group\"><div class=\"wp-block-group__inner-container is-layout-constrained wp-block-group-is-layout-constrained\">\n<div style=\"height:15px\" aria-hidden=\"true\" class=\"wp-block-spacer\"><\/div>\n\n\n\n<span class=\"dashicons encabezados dashicons-image-filter\"><\/span>\n\n\n\n<h2 class=\"wp-block-heading has-text-align-center\" style=\"font-size:42px\"><strong>Core values<\/strong><\/h2>\n\n\n\n<hr class=\"wp-block-separator aligncenter has-alpha-channel-opacity is-style-default\"\/>\n\n\n\n<div class=\"wp-block-group alignwide\"><div class=\"wp-block-group__inner-container is-layout-constrained wp-block-group-is-layout-constrained\">\n<ol class=\"wp-block-list about-values has-large-font-size\">\n<li><a href=\"https:\/\/samuelrotker.dev\/es\/core-values\/simplicity-as-a-key-to-clear-communication\/\" data-type=\"post\" data-id=\"1801\">La simplicidad como la clave de una comunicaci\u00f3n clara<\/a>.<\/li>\n\n\n\n<li><a href=\"https:\/\/samuelrotker.dev\/es\/la-unica-constante-es-el-cambio\/\" data-type=\"post\" data-id=\"3053\">La \u00fanica constante es el cambio<\/a>.<\/li>\n\n\n\n<li><a href=\"https:\/\/samuelrotker.dev\/es\/organico-como-la-forma-mas-sustentable-de-crecer\/\" data-type=\"post\" data-id=\"3060\">Org\u00e1nico como la forma m\u00e1s sustentable de crecer<\/a>.<\/li>\n\n\n\n<li><a href=\"https:\/\/samuelrotker.dev\/es\/core-values\/no-esta-hecho-hasta-que-esta-bien\/\" data-type=\"post\" data-id=\"3081\">No est\u00e1 terminado hasta que est\u00e1 bien hecho.<\/a><\/li>\n\n\n\n<li><a href=\"https:\/\/samuelrotker.dev\/es\/core-values\/5-bueno-para-el-mundo-es-imprescindible\/\" data-type=\"post\" data-id=\"3085\">Bueno para el mundo es imprescindible.<\/a><\/li>\n\n\n\n<li><a href=\"https:\/\/samuelrotker.dev\/es\/core-values\/hablar-menos-hacer-mas\/\" data-type=\"post\" data-id=\"3092\">Hablar menos, hacer m\u00e1s.<\/a><\/li>\n\n\n\n<li><a href=\"https:\/\/samuelrotker.dev\/es\/core-values\/el-tiempo-es-lo-mas-valioso\/\" data-type=\"post\" data-id=\"3105\">El tiempo es lo m\u00e1s valioso.<\/a><\/li>\n\n\n\n<li><a href=\"https:\/\/samuelrotker.dev\/es\/core-values\/8-busco-relaciones-a-largo-plazo\/\" data-type=\"post\" data-id=\"3107\">Busco relaciones a largo plazo.<\/a><\/li>\n\n\n\n<li><a href=\"https:\/\/samuelrotker.dev\/es\/core-values\/9-la-experiencia-tiene-un-costo\/\" data-type=\"post\" data-id=\"3117\">La experiencia tiene un costo.<\/a><\/li>\n\n\n\n<li><a href=\"https:\/\/samuelrotker.dev\/es\/core-values\/nada-es-perfecto-pero-si-tocas-las-notas-correctas-la-musica-empieza-a-sonar\/\" data-type=\"post\" data-id=\"3133\">Si tocas las notas correctas, la m\u00fasica empieza a sonar.<\/a><\/li>\n<\/ol>\n<\/div><\/div>\n<\/div><\/div>\n\n\n\n<hr class=\"wp-block-separator has-alpha-channel-opacity is-style-wide\"\/>\n\n\n\n<p class=\"has-text-align-center\">Si esto te resuena, te invito a <a href=\"https:\/\/samuelrotker.dev\/es\/servicio\/\" data-type=\"page\" data-id=\"32\">explorar c\u00f3mo trabajo<\/a><br>y c\u00f3mo podemos crear algo que realmente se ajuste a tu negocio.<\/p>\n\n\n\n<p class=\"has-text-align-center\"><strong>\u00bfQuieres hablar sobre tu sitio web?<\/strong><br><a href=\"#contacto\">Conectemos<\/a><br><a href=\"#contacto\">\u2193<\/a><\/p>\n\n\n\n<div class=\"wp-block-group alignfull\"><div class=\"wp-block-group__inner-container is-layout-constrained wp-block-group-is-layout-constrained\">\n<div class=\"wp-block-group alignfull has-background\" style=\"background:linear-gradient(3deg,rgb(14,76,62) 46%,rgb(255,255,255) 64%)\"><div class=\"wp-block-group__inner-container is-layout-constrained wp-block-group-is-layout-constrained\">\n<div style=\"height:140px\" aria-hidden=\"true\" class=\"wp-block-spacer\"><\/div>\n<\/div><\/div>\n\n\n\n<div class=\"wp-block-group alignfull has-background\" id=\"contacto\" style=\"background-color:#0e4c3e\"><div class=\"wp-block-group__inner-container is-layout-constrained wp-block-group-is-layout-constrained\">\n<div class=\"wp-block-group bloque-angosto\"><div class=\"wp-block-group__inner-container is-layout-constrained wp-block-group-is-layout-constrained\">\n<h2 class=\"wp-block-heading has-text-align-center has-text-color has-link-color wp-elements-d1ece590106b286e68a56f85f25786ec\" style=\"color:#ffffff;font-size:42px\"><strong>Con tacto<\/strong><\/h2>\n\n\n\n<p class=\"has-text-align-center has-text-color has-link-color wp-elements-95a355c99aa7d6979fed61cd2a1e8761\" style=\"color:#ffffff\">Gracias por tomarte el tiempo de contactarme.<br>Por favor cu\u00e9ntame sobre tu proyecto o negocio para saber c\u00f3mo puedo ayudarte mejor.<\/p>\n\n\n\n<div class=\"wp-block-contact-form-7-contact-form-selector\">\n<div class=\"wpcf7 no-js\" id=\"wpcf7-f537-o1\" lang=\"en-US\" dir=\"ltr\" data-wpcf7-id=\"537\">\n<div class=\"screen-reader-response\"><p role=\"status\" aria-live=\"polite\" aria-atomic=\"true\"><\/p> <ul><\/ul><\/div>\n<form action=\"\/es\/wp-json\/wp\/v2\/pages\/38#wpcf7-f537-o1\" method=\"post\" class=\"wpcf7-form init\" aria-label=\"Contact form\" novalidate=\"novalidate\" data-status=\"init\">\n<fieldset class=\"hidden-fields-container\"><input type=\"hidden\" name=\"_wpcf7\" value=\"537\" \/><input type=\"hidden\" name=\"_wpcf7_version\" value=\"6.1.5\" \/><input type=\"hidden\" name=\"_wpcf7_locale\" value=\"en_US\" \/><input type=\"hidden\" name=\"_wpcf7_unit_tag\" value=\"wpcf7-f537-o1\" \/><input type=\"hidden\" name=\"_wpcf7_container_post\" value=\"0\" \/><input type=\"hidden\" name=\"_wpcf7_posted_data_hash\" value=\"\" \/>\n<\/fieldset>\n<p><label class=\"cf7-name\"><span class=\"wpcf7-form-control-wrap\" data-name=\"your-name\"><input size=\"40\" maxlength=\"400\" class=\"wpcf7-form-control wpcf7-text wpcf7-validates-as-required\" autocomplete=\"name\" aria-required=\"true\" aria-invalid=\"false\" placeholder=\"Nombre\" value=\"\" type=\"text\" name=\"your-name\" \/><\/span><\/label>\n<\/p>\n<p><label class=\"cf7-email\"><span class=\"wpcf7-form-control-wrap\" data-name=\"your-email\"><input size=\"40\" maxlength=\"400\" class=\"wpcf7-form-control wpcf7-email wpcf7-validates-as-required wpcf7-text wpcf7-validates-as-email\" autocomplete=\"email\" aria-required=\"true\" aria-invalid=\"false\" placeholder=\"Email\" value=\"\" type=\"email\" name=\"your-email\" \/><\/span> <\/label>\n<\/p>\n<p class=\"cf7-name\"><label class=\"cf7-hidden-label\" for=\"menu-526\">\u00bfC\u00f3mo me encontraste?<\/label><span class=\"wpcf7-form-control-wrap\" data-name=\"menu-526\"><select class=\"wpcf7-form-control wpcf7-select wpcf7-validates-as-required\" id=\"menu-526\" aria-required=\"true\" aria-invalid=\"false\" name=\"menu-526\"><option value=\"\">\u00bfC\u00f3mo me encontraste?<\/option><option value=\"Google\">Google<\/option><option value=\"Linkedin\">Linkedin<\/option><option value=\"Por recomendaci\u00f3n\">Por recomendaci\u00f3n<\/option><option value=\"Otro\">Otro<\/option><\/select><\/span>\n<\/p>\n<p><label class=\"cf7-email\"><span class=\"wpcf7-form-control-wrap\" data-name=\"url-135\"><input size=\"40\" maxlength=\"400\" class=\"wpcf7-form-control wpcf7-url wpcf7-text wpcf7-validates-as-url\" aria-invalid=\"false\" placeholder=\"Sitio web\" value=\"\" type=\"url\" name=\"url-135\" \/><\/span><\/label>\n<\/p>\n<p><label class=\"cf7-msg\"><span class=\"wpcf7-form-control-wrap\" data-name=\"your-message\"><textarea cols=\"40\" rows=\"5\" maxlength=\"2000\" class=\"wpcf7-form-control wpcf7-textarea wpcf7-validates-as-required\" aria-required=\"true\" aria-invalid=\"false\" placeholder=\"\u00bfC\u00f3mo te puedo ayudar?\" name=\"your-message\"><\/textarea><\/span> <\/label>\n<\/p>\n<p class=\"cf7-submit\"><input class=\"wpcf7-form-control wpcf7-submit has-spinner\" type=\"submit\" value=\"Send\" \/>\n<\/p><p style=\"display: none !important;\" class=\"akismet-fields-container\" data-prefix=\"_wpcf7_ak_\"><label>&#916;<textarea name=\"_wpcf7_ak_hp_textarea\" cols=\"45\" rows=\"8\" maxlength=\"100\"><\/textarea><\/label><input type=\"hidden\" id=\"ak_js_1\" name=\"_wpcf7_ak_js\" value=\"201\"\/><script>document.getElementById( \"ak_js_1\" ).setAttribute( \"value\", ( new Date() ).getTime() );<\/script><\/p><div class=\"wpcf7-response-output\" aria-hidden=\"true\"><\/div>\n<\/form>\n<\/div>\n<\/div>\n<\/div><\/div>\n<\/div><\/div>\n\n\n\n<div class=\"wp-block-group alignfull has-background\" style=\"background:linear-gradient(177deg,rgb(14,76,62) 46%,rgb(38,38,38) 66%)\"><div class=\"wp-block-group__inner-container is-layout-constrained wp-block-group-is-layout-constrained\">\n<div style=\"height:140px\" aria-hidden=\"true\" class=\"wp-block-spacer\"><\/div>\n<\/div><\/div>\n<\/div><\/div>\n","protected":false},"excerpt":{"rendered":"<p>Sobre m\u00ed Desde 2017 ayudo a negocios a convertir sus sitios web en sistemas claros y eficientes que acompa\u00f1an sus objetivos y generan resultados reales. A lo largo de los a\u00f1os, he acompa\u00f1ado a marcas y equipos de distintos tama\u00f1os a dar vida a sus ideas, superar desaf\u00edos t\u00e9cnicos y construir sitios web que realmente [&hellip;]<\/p>\n","protected":false},"author":1,"featured_media":0,"parent":0,"menu_order":0,"comment_status":"closed","ping_status":"closed","template":"","meta":{"_genesis_hide_title":true,"_genesis_hide_breadcrumbs":false,"_genesis_hide_singular_image":false,"_genesis_hide_footer_widgets":false,"_genesis_custom_body_class":"","_genesis_custom_post_class":"","_genesis_layout":"","footnotes":""},"class_list":{"0":"post-38","1":"page","2":"type-page","3":"status-publish","5":"entry","6":"has-post-thumbnail"},"_links":{"self":[{"href":"https:\/\/samuelrotker.dev\/es\/wp-json\/wp\/v2\/pages\/38","targetHints":{"allow":["GET"]}}],"collection":[{"href":"https:\/\/samuelrotker.dev\/es\/wp-json\/wp\/v2\/pages"}],"about":[{"href":"https:\/\/samuelrotker.dev\/es\/wp-json\/wp\/v2\/types\/page"}],"author":[{"embeddable":true,"href":"https:\/\/samuelrotker.dev\/es\/wp-json\/wp\/v2\/users\/1"}],"replies":[{"embeddable":true,"href":"https:\/\/samuelrotker.dev\/es\/wp-json\/wp\/v2\/comments?post=38"}],"version-history":[{"count":8,"href":"https:\/\/samuelrotker.dev\/es\/wp-json\/wp\/v2\/pages\/38\/revisions"}],"predecessor-version":[{"id":3718,"href":"https:\/\/samuelrotker.dev\/es\/wp-json\/wp\/v2\/pages\/38\/revisions\/3718"}],"wp:attachment":[{"href":"https:\/\/samuelrotker.dev\/es\/wp-json\/wp\/v2\/media?parent=38"}],"curies":[{"name":"wp","href":"https:\/\/api.w.org\/{rel}","templated":true}]}}