{"id":36,"date":"2022-12-28T22:03:45","date_gmt":"2022-12-28T22:03:45","guid":{"rendered":"https:\/\/samuelrotker.dev\/?page_id=36"},"modified":"2026-04-14T09:54:18","modified_gmt":"2026-04-14T15:54:18","slug":"proyectos","status":"publish","type":"page","link":"https:\/\/samuelrotker.dev\/es\/proyectos\/","title":{"rendered":"Proyectos"},"content":{"rendered":"\n<div class=\"wp-block-group\"><div class=\"wp-block-group__inner-container is-layout-constrained wp-block-group-is-layout-constrained\">\n<div style=\"height:30px\" aria-hidden=\"true\" class=\"wp-block-spacer\"><\/div>\n\n\n\n<div class=\"wp-block-cover is-light\" style=\"min-height:180px;aspect-ratio:unset;\"><span aria-hidden=\"true\" class=\"wp-block-cover__background has-background-dim-0 has-background-dim\"><\/span><div class=\"wp-block-cover__inner-container is-layout-constrained wp-block-cover-is-layout-constrained\">\n<p class=\"has-text-align-center\" style=\"font-size:32px\">Una selecci\u00f3n de proyectos que reflejan la evoluci\u00f3n m\u00e1s reciente de mi trabajo<\/p>\n\n\n\n<hr class=\"wp-block-separator has-alpha-channel-opacity\"\/>\n<\/div><\/div>\n\n\n\n<div style=\"height:15px\" aria-hidden=\"true\" class=\"wp-block-spacer\"><\/div>\n<\/div><\/div>\n\n\n\n<div class=\"wp-block-group alignfull grilla-netflix\"><div class=\"wp-block-group__inner-container is-layout-constrained wp-block-group-is-layout-constrained\">\n<div class=\"wp-block-columns alignwide is-layout-flex wp-container-core-columns-is-layout-9d6595d7 wp-block-columns-is-layout-flex\">\n<div class=\"wp-block-column is-layout-flow wp-block-column-is-layout-flow\">\n<div class=\"wp-block-group alignfull testimonio\"><div class=\"wp-block-group__inner-container is-layout-constrained wp-block-group-is-layout-constrained\">\n<figure class=\"wp-block-image alignfull size-large clientes-web-desktop\"><img decoding=\"async\" src=\"https:\/\/samuelrotker.dev\/wp-content\/uploads\/Web-development-project-tooth-fairy-shop-desktop-1024x555.jpg\" alt=\"\" class=\"wp-image-4819\"\/><\/figure>\n\n\n<div class=\"wp-block-image clientes-web-mobile\">\n<figure class=\"alignright size-full\"><img decoding=\"async\" src=\"https:\/\/samuelrotker.dev\/wp-content\/uploads\/Web-development-project-tooth-fairy-shop-mobile.jpg\" alt=\"\" class=\"wp-image-4820\"\/><\/figure>\n<\/div><\/div><\/div>\n\n\n\n<h2 class=\"wp-block-heading has-text-align-center no-margin-bottom\">20 Moments of Tooth<\/h2>\n\n\n\n<p class=\"has-text-align-center has-text-color has-link-color wp-elements-ae85afe2503d77c95abd9bce81cdb950\" style=\"color:#6b7280\">EEUU \u00b7 2025<br>Case Study Coming Soon<\/p>\n<\/div>\n\n\n\n<div class=\"wp-block-column is-layout-flow wp-block-column-is-layout-flow\">\n<div class=\"wp-block-group alignfull testimonio\"><div class=\"wp-block-group__inner-container is-layout-constrained wp-block-group-is-layout-constrained\">\n<figure class=\"wp-block-image alignfull size-large clientes-web-desktop\"><img decoding=\"async\" src=\"https:\/\/samuelrotker.dev\/wp-content\/uploads\/Web-development-project-authors-children-book-desktop-1024x555.jpg\" alt=\"\" class=\"wp-image-4816\"\/><\/figure>\n\n\n<div class=\"wp-block-image clientes-web-mobile\">\n<figure class=\"alignright size-full\"><img decoding=\"async\" src=\"https:\/\/samuelrotker.dev\/wp-content\/uploads\/Web-development-project-authors-children-book-mobile.jpg\" alt=\"\" class=\"wp-image-4817\"\/><\/figure>\n<\/div><\/div><\/div>\n\n\n\n<h2 class=\"wp-block-heading has-text-align-center no-margin-bottom\">K B Osher<\/h2>\n\n\n\n<p class=\"has-text-align-center no-margin-bottom has-text-color has-link-color wp-elements-d09c343e00a12578836f194ccb9665dc\" style=\"color:#6b7280\">EEUU \u00b7 2025<\/p>\n\n\n\n<p class=\"has-text-align-center\"><a href=\"https:\/\/samuelrotker.dev\/es\/proyectos\/k-b-osher\/\" data-type=\"page\" data-id=\"3639\">Ver Case Study<\/a><\/p>\n<\/div>\n<\/div>\n\n\n\n<div style=\"height:2em\" aria-hidden=\"true\" class=\"wp-block-spacer\"><\/div>\n\n\n\n<div class=\"wp-block-columns alignwide is-layout-flex wp-container-core-columns-is-layout-9d6595d7 wp-block-columns-is-layout-flex\">\n<div class=\"wp-block-column is-layout-flow wp-block-column-is-layout-flow\">\n<div class=\"wp-block-group alignfull testimonio\"><div class=\"wp-block-group__inner-container is-layout-constrained wp-block-group-is-layout-constrained\">\n<figure class=\"wp-block-image alignfull size-large clientes-web-desktop\"><img decoding=\"async\" width=\"1024\" height=\"555\" src=\"https:\/\/samuelrotker.dev\/es\/wp-content\/uploads\/sites\/3\/Web-development-project-conscious-business-ecological-retreat-center-desktop-1024x555.jpg\" alt=\"\" class=\"wp-image-3364\" srcset=\"https:\/\/samuelrotker.dev\/es\/wp-content\/uploads\/sites\/3\/Web-development-project-conscious-business-ecological-retreat-center-desktop-1024x555.jpg 1024w, https:\/\/samuelrotker.dev\/es\/wp-content\/uploads\/sites\/3\/Web-development-project-conscious-business-ecological-retreat-center-desktop-300x163.jpg 300w, https:\/\/samuelrotker.dev\/es\/wp-content\/uploads\/sites\/3\/Web-development-project-conscious-business-ecological-retreat-center-desktop-768x416.jpg 768w, https:\/\/samuelrotker.dev\/es\/wp-content\/uploads\/sites\/3\/Web-development-project-conscious-business-ecological-retreat-center-desktop-720x390.jpg 720w, https:\/\/samuelrotker.dev\/es\/wp-content\/uploads\/sites\/3\/Web-development-project-conscious-business-ecological-retreat-center-desktop.jpg 1200w\" sizes=\"(max-width: 1024px) 100vw, 1024px\" \/><\/figure>\n\n\n<div class=\"wp-block-image clientes-web-mobile\">\n<figure class=\"alignright size-full\"><img decoding=\"async\" width=\"320\" height=\"564\" src=\"https:\/\/samuelrotker.dev\/es\/wp-content\/uploads\/sites\/3\/Web-development-project-conscious-business-ecological-retreat-center-mobile.jpg\" alt=\"\" class=\"wp-image-3365\" srcset=\"https:\/\/samuelrotker.dev\/es\/wp-content\/uploads\/sites\/3\/Web-development-project-conscious-business-ecological-retreat-center-mobile.jpg 320w, https:\/\/samuelrotker.dev\/es\/wp-content\/uploads\/sites\/3\/Web-development-project-conscious-business-ecological-retreat-center-mobile-170x300.jpg 170w\" sizes=\"(max-width: 320px) 100vw, 320px\" \/><\/figure>\n<\/div><\/div><\/div>\n\n\n\n<h2 class=\"wp-block-heading has-text-align-center no-margin-bottom\">Finca Vida Verde<\/h2>\n\n\n\n<p class=\"has-text-align-center no-margin-bottom has-text-color has-link-color wp-elements-ff3cb406ce1b29d8f4d02bac22a0ad42\" style=\"color:#6b7280\">Costa Rica \u00b7 2025<\/p>\n\n\n\n<p class=\"has-text-align-center\"><a href=\"https:\/\/samuelrotker.dev\/es\/proyectos\/finca-vida-verde\/\" data-type=\"page\" data-id=\"3557\">Ver Case Study<\/a><\/p>\n<\/div>\n\n\n\n<div class=\"wp-block-column is-layout-flow wp-block-column-is-layout-flow\">\n<div class=\"wp-block-group alignfull testimonio\"><div class=\"wp-block-group__inner-container is-layout-constrained wp-block-group-is-layout-constrained\">\n<figure class=\"wp-block-image alignfull size-large clientes-web-desktop\"><img decoding=\"async\" width=\"1024\" height=\"545\" src=\"https:\/\/samuelrotker.dev\/es\/wp-content\/uploads\/sites\/3\/Proyecto-Desarrollo-Web-Ecommerce-Frutas-y-Verduras-Organicas-Nueva-Desktop-1024x545.jpg\" alt=\"\" class=\"wp-image-3507\" srcset=\"https:\/\/samuelrotker.dev\/es\/wp-content\/uploads\/sites\/3\/Proyecto-Desarrollo-Web-Ecommerce-Frutas-y-Verduras-Organicas-Nueva-Desktop-1024x545.jpg 1024w, https:\/\/samuelrotker.dev\/es\/wp-content\/uploads\/sites\/3\/Proyecto-Desarrollo-Web-Ecommerce-Frutas-y-Verduras-Organicas-Nueva-Desktop-300x160.jpg 300w, https:\/\/samuelrotker.dev\/es\/wp-content\/uploads\/sites\/3\/Proyecto-Desarrollo-Web-Ecommerce-Frutas-y-Verduras-Organicas-Nueva-Desktop-768x409.jpg 768w, https:\/\/samuelrotker.dev\/es\/wp-content\/uploads\/sites\/3\/Proyecto-Desarrollo-Web-Ecommerce-Frutas-y-Verduras-Organicas-Nueva-Desktop-720x383.jpg 720w, https:\/\/samuelrotker.dev\/es\/wp-content\/uploads\/sites\/3\/Proyecto-Desarrollo-Web-Ecommerce-Frutas-y-Verduras-Organicas-Nueva-Desktop.jpg 1200w\" sizes=\"(max-width: 1024px) 100vw, 1024px\" \/><\/figure>\n\n\n<div class=\"wp-block-image clientes-web-mobile\">\n<figure class=\"alignright size-full\"><img decoding=\"async\" width=\"320\" height=\"558\" src=\"https:\/\/samuelrotker.dev\/es\/wp-content\/uploads\/sites\/3\/Proyecto-Desarrollo-Web-Ecommerce-Frutas-y-Verduras-Organicas-Nueva-Mobile.jpg\" alt=\"\" class=\"wp-image-3508\" srcset=\"https:\/\/samuelrotker.dev\/es\/wp-content\/uploads\/sites\/3\/Proyecto-Desarrollo-Web-Ecommerce-Frutas-y-Verduras-Organicas-Nueva-Mobile.jpg 320w, https:\/\/samuelrotker.dev\/es\/wp-content\/uploads\/sites\/3\/Proyecto-Desarrollo-Web-Ecommerce-Frutas-y-Verduras-Organicas-Nueva-Mobile-172x300.jpg 172w\" sizes=\"(max-width: 320px) 100vw, 320px\" \/><\/figure>\n<\/div><\/div><\/div>\n\n\n\n<h2 class=\"wp-block-heading has-text-align-center no-margin-bottom\">Finca Tierra de Sue\u00f1os<\/h2>\n\n\n\n<p class=\"has-text-align-center has-text-color has-link-color wp-elements-b10d80abced428db5129ed9276644557\" style=\"color:#6b7280\">Costa Rica \u00b7 2025<\/p>\n<\/div>\n<\/div>\n\n\n\n<div style=\"height:2em\" aria-hidden=\"true\" class=\"wp-block-spacer\"><\/div>\n\n\n\n<div class=\"wp-block-columns alignwide is-layout-flex wp-container-core-columns-is-layout-9d6595d7 wp-block-columns-is-layout-flex\">\n<div class=\"wp-block-column is-layout-flow wp-block-column-is-layout-flow\">\n<div class=\"wp-block-group alignfull testimonio\"><div class=\"wp-block-group__inner-container is-layout-constrained wp-block-group-is-layout-constrained\">\n<figure class=\"wp-block-image alignfull size-large clientes-web-desktop\"><img decoding=\"async\" width=\"1024\" height=\"556\" src=\"https:\/\/samuelrotker.dev\/es\/wp-content\/uploads\/sites\/3\/Samuel-Rotker-wordpress-developer-recent-proyect-booking-system-frontend-submission-homes-desktop-1024x556.jpg\" alt=\"\" class=\"wp-image-3509\" srcset=\"https:\/\/samuelrotker.dev\/es\/wp-content\/uploads\/sites\/3\/Samuel-Rotker-wordpress-developer-recent-proyect-booking-system-frontend-submission-homes-desktop-1024x556.jpg 1024w, https:\/\/samuelrotker.dev\/es\/wp-content\/uploads\/sites\/3\/Samuel-Rotker-wordpress-developer-recent-proyect-booking-system-frontend-submission-homes-desktop-300x163.jpg 300w, https:\/\/samuelrotker.dev\/es\/wp-content\/uploads\/sites\/3\/Samuel-Rotker-wordpress-developer-recent-proyect-booking-system-frontend-submission-homes-desktop-768x417.jpg 768w, https:\/\/samuelrotker.dev\/es\/wp-content\/uploads\/sites\/3\/Samuel-Rotker-wordpress-developer-recent-proyect-booking-system-frontend-submission-homes-desktop-720x391.jpg 720w, https:\/\/samuelrotker.dev\/es\/wp-content\/uploads\/sites\/3\/Samuel-Rotker-wordpress-developer-recent-proyect-booking-system-frontend-submission-homes-desktop.jpg 1200w\" sizes=\"(max-width: 1024px) 100vw, 1024px\" \/><\/figure>\n\n\n<div class=\"wp-block-image clientes-web-mobile\">\n<figure class=\"alignright size-full\"><img decoding=\"async\" width=\"320\" height=\"560\" src=\"https:\/\/samuelrotker.dev\/es\/wp-content\/uploads\/sites\/3\/Samuel-Rotker-wordpress-developer-recent-proyect-booking-system-frontend-submission-homes-mobile.jpg\" alt=\"\" class=\"wp-image-3510\" srcset=\"https:\/\/samuelrotker.dev\/es\/wp-content\/uploads\/sites\/3\/Samuel-Rotker-wordpress-developer-recent-proyect-booking-system-frontend-submission-homes-mobile.jpg 320w, https:\/\/samuelrotker.dev\/es\/wp-content\/uploads\/sites\/3\/Samuel-Rotker-wordpress-developer-recent-proyect-booking-system-frontend-submission-homes-mobile-171x300.jpg 171w\" sizes=\"(max-width: 320px) 100vw, 320px\" \/><\/figure>\n<\/div><\/div><\/div>\n\n\n\n<h2 class=\"wp-block-heading has-text-align-center no-margin-bottom\">Machuca Homes<\/h2>\n\n\n\n<p class=\"has-text-align-center has-text-color has-link-color wp-elements-04d76f39ec1d9be7781a1a936592d662\" style=\"color:#6b7280\">Costa Rica \u00b7 2024<\/p>\n<\/div>\n\n\n\n<div class=\"wp-block-column is-layout-flow wp-block-column-is-layout-flow\">\n<div class=\"wp-block-group alignfull testimonio\"><div class=\"wp-block-group__inner-container is-layout-constrained wp-block-group-is-layout-constrained\">\n<figure class=\"wp-block-image alignfull size-large clientes-web-desktop\"><img decoding=\"async\" width=\"1024\" height=\"555\" src=\"https:\/\/samuelrotker.dev\/es\/wp-content\/uploads\/sites\/3\/Desarrollo-web-ecommerce-wordpress-tienda-de-macetas-negocios-conscientes-escritorio-1024x555.jpg\" alt=\"\" class=\"wp-image-3366\" srcset=\"https:\/\/samuelrotker.dev\/es\/wp-content\/uploads\/sites\/3\/Desarrollo-web-ecommerce-wordpress-tienda-de-macetas-negocios-conscientes-escritorio-1024x555.jpg 1024w, https:\/\/samuelrotker.dev\/es\/wp-content\/uploads\/sites\/3\/Desarrollo-web-ecommerce-wordpress-tienda-de-macetas-negocios-conscientes-escritorio-300x163.jpg 300w, https:\/\/samuelrotker.dev\/es\/wp-content\/uploads\/sites\/3\/Desarrollo-web-ecommerce-wordpress-tienda-de-macetas-negocios-conscientes-escritorio-768x416.jpg 768w, https:\/\/samuelrotker.dev\/es\/wp-content\/uploads\/sites\/3\/Desarrollo-web-ecommerce-wordpress-tienda-de-macetas-negocios-conscientes-escritorio-720x390.jpg 720w, https:\/\/samuelrotker.dev\/es\/wp-content\/uploads\/sites\/3\/Desarrollo-web-ecommerce-wordpress-tienda-de-macetas-negocios-conscientes-escritorio.jpg 1200w\" sizes=\"(max-width: 1024px) 100vw, 1024px\" \/><\/figure>\n\n\n<div class=\"wp-block-image clientes-web-mobile\">\n<figure class=\"alignright size-full\"><img decoding=\"async\" width=\"320\" height=\"566\" src=\"https:\/\/samuelrotker.dev\/es\/wp-content\/uploads\/sites\/3\/Desarrollo-web-ecommerce-wordpress-tienda-de-macetas-negocios-conscientes-movil.jpg\" alt=\"\" class=\"wp-image-3367\" srcset=\"https:\/\/samuelrotker.dev\/es\/wp-content\/uploads\/sites\/3\/Desarrollo-web-ecommerce-wordpress-tienda-de-macetas-negocios-conscientes-movil.jpg 320w, https:\/\/samuelrotker.dev\/es\/wp-content\/uploads\/sites\/3\/Desarrollo-web-ecommerce-wordpress-tienda-de-macetas-negocios-conscientes-movil-170x300.jpg 170w\" sizes=\"(max-width: 320px) 100vw, 320px\" \/><\/figure>\n<\/div><\/div><\/div>\n\n\n\n<h2 class=\"wp-block-heading has-text-align-center no-margin-bottom\">Amalfi<\/h2>\n\n\n\n<p class=\"has-text-align-center has-text-color has-link-color wp-elements-efff3a75d12af96b9ada5485a549faa1\" style=\"color:#6b7280\">Argentina, Uruguay y Chile \u00b7 2024<\/p>\n<\/div>\n<\/div>\n\n\n\n<div style=\"height:2em\" aria-hidden=\"true\" class=\"wp-block-spacer\"><\/div>\n<\/div><\/div>\n\n\n\n<hr class=\"wp-block-separator alignwide has-alpha-channel-opacity is-style-wide\"\/>\n\n\n\n<div style=\"height:20px\" aria-hidden=\"true\" class=\"wp-block-spacer\"><\/div>\n\n\n\n<p class=\"has-text-align-center\">Cada proyecto es diferente \u2014 y merece un enfoque a medida.<br><a href=\"https:\/\/samuelrotker.dev\/es\/servicio\/\" data-type=\"page\" data-id=\"32\">As\u00ed es como trabajo y lo que podemos construir juntos \u2192<\/a><\/p>\n\n\n\n<p class=\"has-text-align-center\">\u00bfTe gustar\u00eda hablar sobre tu proyecto?<br><a href=\"#contacto\">Conectemos<br>\u2193<\/a><\/p>\n\n\n\n<div class=\"wp-block-group alignfull\"><div class=\"wp-block-group__inner-container is-layout-constrained wp-block-group-is-layout-constrained\">\n<div class=\"wp-block-group alignfull has-background\" style=\"background:linear-gradient(3deg,rgb(14,76,62) 46%,rgb(255,255,255) 64%)\"><div class=\"wp-block-group__inner-container is-layout-constrained wp-block-group-is-layout-constrained\">\n<div style=\"height:140px\" aria-hidden=\"true\" class=\"wp-block-spacer\"><\/div>\n<\/div><\/div>\n\n\n\n<div class=\"wp-block-group alignfull has-background\" id=\"contacto\" style=\"background-color:#0e4c3e\"><div class=\"wp-block-group__inner-container is-layout-constrained wp-block-group-is-layout-constrained\">\n<div class=\"wp-block-group bloque-angosto\"><div class=\"wp-block-group__inner-container is-layout-constrained wp-block-group-is-layout-constrained\">\n<h2 class=\"wp-block-heading has-text-align-center has-text-color has-link-color wp-elements-d1ece590106b286e68a56f85f25786ec\" style=\"color:#ffffff;font-size:42px\"><strong>Con tacto<\/strong><\/h2>\n\n\n\n<p class=\"has-text-align-center has-text-color has-link-color wp-elements-95a355c99aa7d6979fed61cd2a1e8761\" style=\"color:#ffffff\">Gracias por tomarte el tiempo de contactarme.<br>Por favor cu\u00e9ntame sobre tu proyecto o negocio para saber c\u00f3mo puedo ayudarte mejor.<\/p>\n\n\n\n<div class=\"wp-block-contact-form-7-contact-form-selector\">\n<div class=\"wpcf7 no-js\" id=\"wpcf7-f537-o1\" lang=\"en-US\" dir=\"ltr\" data-wpcf7-id=\"537\">\n<div class=\"screen-reader-response\"><p role=\"status\" aria-live=\"polite\" aria-atomic=\"true\"><\/p> <ul><\/ul><\/div>\n<form action=\"\/es\/wp-json\/wp\/v2\/pages\/36#wpcf7-f537-o1\" method=\"post\" class=\"wpcf7-form init\" aria-label=\"Contact form\" novalidate=\"novalidate\" data-status=\"init\">\n<fieldset class=\"hidden-fields-container\"><input type=\"hidden\" name=\"_wpcf7\" value=\"537\" \/><input type=\"hidden\" name=\"_wpcf7_version\" value=\"6.1.5\" \/><input type=\"hidden\" name=\"_wpcf7_locale\" value=\"en_US\" \/><input type=\"hidden\" name=\"_wpcf7_unit_tag\" value=\"wpcf7-f537-o1\" \/><input type=\"hidden\" name=\"_wpcf7_container_post\" value=\"0\" \/><input type=\"hidden\" name=\"_wpcf7_posted_data_hash\" value=\"\" \/>\n<\/fieldset>\n<p><label class=\"cf7-name\"><span class=\"wpcf7-form-control-wrap\" data-name=\"your-name\"><input size=\"40\" maxlength=\"400\" class=\"wpcf7-form-control wpcf7-text wpcf7-validates-as-required\" autocomplete=\"name\" aria-required=\"true\" aria-invalid=\"false\" placeholder=\"Nombre\" value=\"\" type=\"text\" name=\"your-name\" \/><\/span><\/label>\n<\/p>\n<p><label class=\"cf7-email\"><span class=\"wpcf7-form-control-wrap\" data-name=\"your-email\"><input size=\"40\" maxlength=\"400\" class=\"wpcf7-form-control wpcf7-email wpcf7-validates-as-required wpcf7-text wpcf7-validates-as-email\" autocomplete=\"email\" aria-required=\"true\" aria-invalid=\"false\" placeholder=\"Email\" value=\"\" type=\"email\" name=\"your-email\" \/><\/span> <\/label>\n<\/p>\n<p class=\"cf7-name\"><label class=\"cf7-hidden-label\" for=\"menu-526\">\u00bfC\u00f3mo me encontraste?<\/label><span class=\"wpcf7-form-control-wrap\" data-name=\"menu-526\"><select class=\"wpcf7-form-control wpcf7-select wpcf7-validates-as-required\" id=\"menu-526\" aria-required=\"true\" aria-invalid=\"false\" name=\"menu-526\"><option value=\"\">\u00bfC\u00f3mo me encontraste?<\/option><option value=\"Google\">Google<\/option><option value=\"Linkedin\">Linkedin<\/option><option value=\"Por recomendaci\u00f3n\">Por recomendaci\u00f3n<\/option><option value=\"Otro\">Otro<\/option><\/select><\/span>\n<\/p>\n<p><label class=\"cf7-email\"><span class=\"wpcf7-form-control-wrap\" data-name=\"url-135\"><input size=\"40\" maxlength=\"400\" class=\"wpcf7-form-control wpcf7-url wpcf7-text wpcf7-validates-as-url\" aria-invalid=\"false\" placeholder=\"Sitio web\" value=\"\" type=\"url\" name=\"url-135\" \/><\/span><\/label>\n<\/p>\n<p><label class=\"cf7-msg\"><span class=\"wpcf7-form-control-wrap\" data-name=\"your-message\"><textarea cols=\"40\" rows=\"5\" maxlength=\"2000\" class=\"wpcf7-form-control wpcf7-textarea wpcf7-validates-as-required\" aria-required=\"true\" aria-invalid=\"false\" placeholder=\"\u00bfC\u00f3mo te puedo ayudar?\" name=\"your-message\"><\/textarea><\/span> <\/label>\n<\/p>\n<p class=\"cf7-submit\"><input class=\"wpcf7-form-control wpcf7-submit has-spinner\" type=\"submit\" value=\"Send\" \/>\n<\/p><p style=\"display: none !important;\" class=\"akismet-fields-container\" data-prefix=\"_wpcf7_ak_\"><label>&#916;<textarea name=\"_wpcf7_ak_hp_textarea\" cols=\"45\" rows=\"8\" maxlength=\"100\"><\/textarea><\/label><input type=\"hidden\" id=\"ak_js_1\" name=\"_wpcf7_ak_js\" value=\"35\"\/><script>document.getElementById( \"ak_js_1\" ).setAttribute( \"value\", ( new Date() ).getTime() );<\/script><\/p><div class=\"wpcf7-response-output\" aria-hidden=\"true\"><\/div>\n<\/form>\n<\/div>\n<\/div>\n<\/div><\/div>\n<\/div><\/div>\n\n\n\n<div class=\"wp-block-group alignfull has-background\" style=\"background:linear-gradient(177deg,rgb(14,76,62) 46%,rgb(38,38,38) 66%)\"><div class=\"wp-block-group__inner-container is-layout-constrained wp-block-group-is-layout-constrained\">\n<div style=\"height:140px\" aria-hidden=\"true\" class=\"wp-block-spacer\"><\/div>\n<\/div><\/div>\n<\/div><\/div>\n","protected":false},"excerpt":{"rendered":"<p>20 Moments of Tooth EEUU \u00b7 2025Case Study Coming Soon K B Osher EEUU \u00b7 2025 Ver Case Study Finca Vida Verde Costa Rica \u00b7 2025 Ver Case Study Finca Tierra de Sue\u00f1os Costa Rica \u00b7 2025 Machuca Homes Costa Rica \u00b7 2024 Amalfi Argentina, Uruguay y Chile \u00b7 2024 Cada proyecto es diferente \u2014 [&hellip;]<\/p>\n","protected":false},"author":1,"featured_media":2876,"parent":0,"menu_order":0,"comment_status":"closed","ping_status":"closed","template":"","meta":{"_genesis_hide_title":true,"_genesis_hide_breadcrumbs":false,"_genesis_hide_singular_image":false,"_genesis_hide_footer_widgets":false,"_genesis_custom_body_class":"projects","_genesis_custom_post_class":"","_genesis_layout":"","footnotes":""},"class_list":{"0":"post-36","1":"page","2":"type-page","3":"status-publish","4":"has-post-thumbnail","6":"entry"},"_links":{"self":[{"href":"https:\/\/samuelrotker.dev\/es\/wp-json\/wp\/v2\/pages\/36","targetHints":{"allow":["GET"]}}],"collection":[{"href":"https:\/\/samuelrotker.dev\/es\/wp-json\/wp\/v2\/pages"}],"about":[{"href":"https:\/\/samuelrotker.dev\/es\/wp-json\/wp\/v2\/types\/page"}],"author":[{"embeddable":true,"href":"https:\/\/samuelrotker.dev\/es\/wp-json\/wp\/v2\/users\/1"}],"replies":[{"embeddable":true,"href":"https:\/\/samuelrotker.dev\/es\/wp-json\/wp\/v2\/comments?post=36"}],"version-history":[{"count":17,"href":"https:\/\/samuelrotker.dev\/es\/wp-json\/wp\/v2\/pages\/36\/revisions"}],"predecessor-version":[{"id":3725,"href":"https:\/\/samuelrotker.dev\/es\/wp-json\/wp\/v2\/pages\/36\/revisions\/3725"}],"wp:featuredmedia":[{"embeddable":true,"href":"https:\/\/samuelrotker.dev\/es\/wp-json\/wp\/v2\/media\/2876"}],"wp:attachment":[{"href":"https:\/\/samuelrotker.dev\/es\/wp-json\/wp\/v2\/media?parent=36"}],"curies":[{"name":"wp","href":"https:\/\/api.w.org\/{rel}","templated":true}]}}