{"id":34,"date":"2022-12-28T22:03:37","date_gmt":"2022-12-28T22:03:37","guid":{"rendered":"https:\/\/samuelrotker.dev\/?page_id=34"},"modified":"2025-12-10T12:12:02","modified_gmt":"2025-12-10T18:12:02","slug":"recursos","status":"publish","type":"page","link":"https:\/\/samuelrotker.dev\/es\/recursos\/","title":{"rendered":"Recursos"},"content":{"rendered":"\n<div class=\"wp-block-group alignfull has-background\" style=\"background-color:#301c45\"><div class=\"wp-block-group__inner-container is-layout-constrained wp-block-group-is-layout-constrained\">\n<div class=\"wp-block-cover alignfull is-light about-cover\"><span aria-hidden=\"true\" class=\"wp-block-cover__background has-background-dim-0 has-background-dim\"><\/span><img decoding=\"async\" width=\"1920\" height=\"1174\" src=\"https:\/\/samuelrotker.dev\/es\/wp-content\/uploads\/sites\/3\/SAR_dev-products-cover.jpg\" class=\"wp-block-cover__image-background wp-post-image\" alt=\"\" data-object-fit=\"cover\" srcset=\"https:\/\/samuelrotker.dev\/es\/wp-content\/uploads\/sites\/3\/SAR_dev-products-cover.jpg 1920w, https:\/\/samuelrotker.dev\/es\/wp-content\/uploads\/sites\/3\/SAR_dev-products-cover-300x183.jpg 300w, https:\/\/samuelrotker.dev\/es\/wp-content\/uploads\/sites\/3\/SAR_dev-products-cover-1024x626.jpg 1024w, https:\/\/samuelrotker.dev\/es\/wp-content\/uploads\/sites\/3\/SAR_dev-products-cover-768x470.jpg 768w, https:\/\/samuelrotker.dev\/es\/wp-content\/uploads\/sites\/3\/SAR_dev-products-cover-1536x939.jpg 1536w\" sizes=\"(max-width: 1920px) 100vw, 1920px\" fetchpriority=\"high\" loading=\"eager\" \/><div class=\"wp-block-cover__inner-container is-layout-constrained wp-block-cover-is-layout-constrained\">\n<p class=\"has-text-align-center\" style=\"font-size:32px\">Estos son algunos recursos que he ido desarrollando a lo largo de mi carrera y que aplico en proyectos cuando aportan valor real<\/p>\n<\/div><\/div>\n<\/div><\/div>\n\n\n\n<div style=\"height:53px\" aria-hidden=\"true\" class=\"wp-block-spacer\"><\/div>\n\n\n\n<div class=\"wp-block-group alignwide\" id=\"model-store\"><div class=\"wp-block-group__inner-container is-layout-constrained wp-block-group-is-layout-constrained\">\n<div class=\"wp-block-columns column-reverse is-layout-flex wp-container-core-columns-is-layout-9d6595d7 wp-block-columns-is-layout-flex\">\n<div class=\"wp-block-column is-layout-flow wp-block-column-is-layout-flow\">\n<div class=\"wp-block-group alignfull testimonio\"><div class=\"wp-block-group__inner-container is-layout-constrained wp-block-group-is-layout-constrained\">\n<figure class=\"wp-block-image alignfull size-large clientes-web-desktop\"><a href=\"https:\/\/samuelrotker.dev\/es\/productos\/tienda-modelo\/\"><img decoding=\"async\" src=\"https:\/\/samuelrotker.dev\/es\/wp-content\/uploads\/sites\/3\/Tienda-modelo-portada-1024x714.jpg\" alt=\"Ver detalles del producto\"\/><\/a><\/figure>\n\n\n<div class=\"wp-block-image clientes-web-mobile\">\n<figure class=\"alignright size-large\"><a href=\"https:\/\/samuelrotker.dev\/es\/productos\/tienda-modelo\/\"><img decoding=\"async\" src=\"https:\/\/samuelrotker.dev\/es\/wp-content\/uploads\/sites\/3\/Tienda-modelo-mobile-320px.jpg\" alt=\"Ver detalles del producto\"\/><\/a><\/figure>\n<\/div><\/div><\/div>\n<\/div>\n\n\n\n<div class=\"wp-block-column is-vertically-aligned-center is-layout-flow wp-block-column-is-layout-flow\">\n<h2 class=\"wp-block-heading has-text-align-left\" style=\"font-size:42px\"><strong>Tienda modelo<\/strong><\/h2>\n\n\n\n<p>Tema basado en WooCommerce que personalizao con el Look &amp; Feel de la marca del cliente.<br>Est\u00e1 optimizado para posicionamiento, rendimiento y conversi\u00f3n.<\/p>\n\n\n\n<div style=\"height:21px\" aria-hidden=\"true\" class=\"wp-block-spacer desktop-only\"><\/div>\n\n\n\n<div class=\"wp-block-buttons alignfull is-content-justification-left is-nowrap is-layout-flex wp-container-core-buttons-is-layout-6447b855 wp-block-buttons-is-layout-flex\">\n<div class=\"wp-block-button no-margin-left\"><a class=\"wp-block-button__link wp-element-button\" href=\"https:\/\/samuelrotker.dev\/es\/recursos\/tienda-modelo\/\">Ver detalles<\/a><\/div>\n\n\n\n<div class=\"wp-block-button contenido-oculto\"><a class=\"wp-block-button__link wp-element-button\" href=\"https:\/\/samuelrotker.dev\/es\/contacto\/\">Con tacto<\/a><\/div>\n<\/div>\n\n\n\n<div style=\"height:21px\" aria-hidden=\"true\" class=\"wp-block-spacer\"><\/div>\n<\/div>\n<\/div>\n<\/div><\/div>\n\n\n\n<div style=\"height:38px\" aria-hidden=\"true\" class=\"wp-block-spacer desktop-only\"><\/div>\n\n\n\n<hr class=\"wp-block-separator alignwide has-alpha-channel-opacity is-style-wide\"\/>\n\n\n\n<div style=\"height:45px\" aria-hidden=\"true\" class=\"wp-block-spacer\"><\/div>\n\n\n\n<div class=\"wp-block-group alignwide\"><div class=\"wp-block-group__inner-container is-layout-constrained wp-block-group-is-layout-constrained\">\n<div class=\"wp-block-columns column-reverse is-layout-flex wp-container-core-columns-is-layout-9d6595d7 wp-block-columns-is-layout-flex\">\n<div class=\"wp-block-column is-vertically-aligned-center is-layout-flow wp-block-column-is-layout-flow\">\n<div class=\"wp-block-group alignfull\"><div class=\"wp-block-group__inner-container is-layout-constrained wp-block-group-is-layout-constrained\">\n<figure data-wp-context=\"{&quot;imageId&quot;:&quot;69dff0285bd3a&quot;}\" data-wp-interactive=\"core\/image\" data-wp-key=\"69dff0285bd3a\" class=\"wp-block-image size-large wp-lightbox-container\"><img decoding=\"async\" data-wp-class--hide=\"state.isContentHidden\" data-wp-class--show=\"state.isContentVisible\" data-wp-init=\"callbacks.setButtonStyles\" data-wp-on--click=\"actions.showLightbox\" data-wp-on--load=\"callbacks.setButtonStyles\" data-wp-on-window--resize=\"callbacks.setButtonStyles\" src=\"https:\/\/samuelrotker.dev\/es\/wp-content\/uploads\/sites\/3\/proyectos-sula-pagespeed.jpg\" alt=\"\"\/><button\n\t\t\tclass=\"lightbox-trigger\"\n\t\t\ttype=\"button\"\n\t\t\taria-haspopup=\"dialog\"\n\t\t\taria-label=\"Agrandar\"\n\t\t\tdata-wp-init=\"callbacks.initTriggerButton\"\n\t\t\tdata-wp-on--click=\"actions.showLightbox\"\n\t\t\tdata-wp-style--right=\"state.imageButtonRight\"\n\t\t\tdata-wp-style--top=\"state.imageButtonTop\"\n\t\t>\n\t\t\t<svg xmlns=\"http:\/\/www.w3.org\/2000\/svg\" width=\"12\" height=\"12\" fill=\"none\" viewBox=\"0 0 12 12\">\n\t\t\t\t<path fill=\"#fff\" d=\"M2 0a2 2 0 0 0-2 2v2h1.5V2a.5.5 0 0 1 .5-.5h2V0H2Zm2 10.5H2a.5.5 0 0 1-.5-.5V8H0v2a2 2 0 0 0 2 2h2v-1.5ZM8 12v-1.5h2a.5.5 0 0 0 .5-.5V8H12v2a2 2 0 0 1-2 2H8Zm2-12a2 2 0 0 1 2 2v2h-1.5V2a.5.5 0 0 0-.5-.5H8V0h2Z\" \/>\n\t\t\t<\/svg>\n\t\t<\/button><\/figure>\n<\/div><\/div>\n<\/div>\n\n\n\n<div class=\"wp-block-column is-vertically-aligned-center is-layout-flow wp-block-column-is-layout-flow\">\n<h2 class=\"wp-block-heading has-text-align-left\" style=\"font-size:42px\"><strong>Optimizaci\u00f3n todo-en-uno<\/strong><\/h2>\n\n\n\n<p class=\"has-text-align-left\">Mejora la velocidad de carga, el posicionamiento y la seguridad de tu sitio web mediante:<\/p>\n\n\n\n<ul class=\"wp-block-list\">\n<li>WPO (Optimizaci\u00f3n de rendimiento)<\/li>\n\n\n\n<li>SEO On-page (Optimizaci\u00f3n t\u00e9cnica de recursos on-page para posicionamiento org\u00e1nico)<\/li>\n\n\n\n<li>Optimizaci\u00f3n de seguridad (protege tu sitio de ataques de fuerza bruta, amenazas, malware, bots y hackers en general).<\/li>\n<\/ul>\n\n\n\n<div style=\"height:21px\" aria-hidden=\"true\" class=\"wp-block-spacer desktop-only\"><\/div>\n\n\n\n<div class=\"wp-block-buttons alignfull is-content-justification-left is-nowrap is-layout-flex wp-container-core-buttons-is-layout-6447b855 wp-block-buttons-is-layout-flex\">\n<div class=\"wp-block-button no-margin-left\"><a class=\"wp-block-button__link wp-element-button\" href=\"https:\/\/samuelrotker.dev\/es\/contacto\/\">Solicitar<\/a><\/div>\n<\/div>\n\n\n\n<div style=\"height:21px\" aria-hidden=\"true\" class=\"wp-block-spacer\"><\/div>\n<\/div>\n<\/div>\n<\/div><\/div>\n\n\n\n<div style=\"height:10px\" aria-hidden=\"true\" class=\"wp-block-spacer desktop-only\"><\/div>\n\n\n\n<hr class=\"wp-block-separator alignwide has-alpha-channel-opacity is-style-wide\"\/>\n\n\n\n<div style=\"height:45px\" aria-hidden=\"true\" class=\"wp-block-spacer\"><\/div>\n\n\n\n<div class=\"wp-block-group alignwide\"><div class=\"wp-block-group__inner-container is-layout-constrained wp-block-group-is-layout-constrained\">\n<div class=\"wp-block-columns column-reverse is-layout-flex wp-container-core-columns-is-layout-9d6595d7 wp-block-columns-is-layout-flex\">\n<div class=\"wp-block-column is-vertically-aligned-center is-layout-flow wp-block-column-is-layout-flow\">\n<div class=\"wp-block-group alignfull\"><div class=\"wp-block-group__inner-container is-layout-constrained wp-block-group-is-layout-constrained\">\n<figure data-wp-context=\"{&quot;imageId&quot;:&quot;69dff0285c424&quot;}\" data-wp-interactive=\"core\/image\" data-wp-key=\"69dff0285c424\" class=\"wp-block-image size-large wp-lightbox-container\"><img decoding=\"async\" data-wp-class--hide=\"state.isContentHidden\" data-wp-class--show=\"state.isContentVisible\" data-wp-init=\"callbacks.setButtonStyles\" data-wp-on--click=\"actions.showLightbox\" data-wp-on--load=\"callbacks.setButtonStyles\" data-wp-on-window--resize=\"callbacks.setButtonStyles\" src=\"https:\/\/samuelrotker.dev\/es\/wp-content\/uploads\/sites\/3\/varation-swatches-on-shop-page.jpg\" alt=\"\"\/><button\n\t\t\tclass=\"lightbox-trigger\"\n\t\t\ttype=\"button\"\n\t\t\taria-haspopup=\"dialog\"\n\t\t\taria-label=\"Agrandar\"\n\t\t\tdata-wp-init=\"callbacks.initTriggerButton\"\n\t\t\tdata-wp-on--click=\"actions.showLightbox\"\n\t\t\tdata-wp-style--right=\"state.imageButtonRight\"\n\t\t\tdata-wp-style--top=\"state.imageButtonTop\"\n\t\t>\n\t\t\t<svg xmlns=\"http:\/\/www.w3.org\/2000\/svg\" width=\"12\" height=\"12\" fill=\"none\" viewBox=\"0 0 12 12\">\n\t\t\t\t<path fill=\"#fff\" d=\"M2 0a2 2 0 0 0-2 2v2h1.5V2a.5.5 0 0 1 .5-.5h2V0H2Zm2 10.5H2a.5.5 0 0 1-.5-.5V8H0v2a2 2 0 0 0 2 2h2v-1.5ZM8 12v-1.5h2a.5.5 0 0 0 .5-.5V8H12v2a2 2 0 0 1-2 2H8Zm2-12a2 2 0 0 1 2 2v2h-1.5V2a.5.5 0 0 0-.5-.5H8V0h2Z\" \/>\n\t\t\t<\/svg>\n\t\t<\/button><\/figure>\n<\/div><\/div>\n<\/div>\n\n\n\n<div class=\"wp-block-column is-vertically-aligned-center is-layout-flow wp-block-column-is-layout-flow\">\n<h2 class=\"wp-block-heading has-text-align-left\" style=\"font-size:42px\"><strong>Variaciones en la p\u00e1gina de la tienda<\/strong><\/h2>\n\n\n\n<p class=\"has-text-align-left\">Este plugin muestra las opciones de variaciones de productos en la p\u00e1gina de inicio, tienda y p\u00e1ginas de archivo, lo que permite a los compradores seleccionarlas, ver las im\u00e1genes correspondientes a cada variaci\u00f3n y a\u00f1adirlas al carrito sin tener que entrar en la p\u00e1gina de cada producto.<\/p>\n\n\n\n<div style=\"height:21px\" aria-hidden=\"true\" class=\"wp-block-spacer desktop-only\"><\/div>\n\n\n\n<div class=\"wp-block-buttons alignfull is-content-justification-left is-nowrap is-layout-flex wp-container-core-buttons-is-layout-6447b855 wp-block-buttons-is-layout-flex\">\n<div class=\"wp-block-button no-margin-left\"><a class=\"wp-block-button__link wp-element-button\" href=\"https:\/\/samuelrotker.dev\/es\/contacto\/\">Solicitar<\/a><\/div>\n<\/div>\n\n\n\n<div style=\"height:21px\" aria-hidden=\"true\" class=\"wp-block-spacer\"><\/div>\n<\/div>\n<\/div>\n<\/div><\/div>\n\n\n\n<div style=\"height:15px\" aria-hidden=\"true\" class=\"wp-block-spacer desktop-only\"><\/div>\n\n\n\n<hr class=\"wp-block-separator alignwide has-alpha-channel-opacity is-style-wide\"\/>\n\n\n\n<div style=\"height:45px\" aria-hidden=\"true\" class=\"wp-block-spacer\"><\/div>\n\n\n\n<div class=\"wp-block-group alignwide\"><div class=\"wp-block-group__inner-container is-layout-constrained wp-block-group-is-layout-constrained\">\n<div class=\"wp-block-columns column-reverse is-layout-flex wp-container-core-columns-is-layout-9d6595d7 wp-block-columns-is-layout-flex\">\n<div class=\"wp-block-column is-vertically-aligned-center is-layout-flow wp-block-column-is-layout-flow\">\n<div class=\"wp-block-group alignfull\"><div class=\"wp-block-group__inner-container is-layout-constrained wp-block-group-is-layout-constrained\">\n<figure data-wp-context=\"{&quot;imageId&quot;:&quot;69dff0285ca42&quot;}\" data-wp-interactive=\"core\/image\" data-wp-key=\"69dff0285ca42\" class=\"wp-block-image size-large minimum- wp-lightbox-container\"><img decoding=\"async\" data-wp-class--hide=\"state.isContentHidden\" data-wp-class--show=\"state.isContentVisible\" data-wp-init=\"callbacks.setButtonStyles\" data-wp-on--click=\"actions.showLightbox\" data-wp-on--load=\"callbacks.setButtonStyles\" data-wp-on-window--resize=\"callbacks.setButtonStyles\" src=\"https:\/\/samuelrotker.dev\/es\/wp-content\/uploads\/sites\/3\/minimum-purchase-amount-960px.jpg\" alt=\"\"\/><button\n\t\t\tclass=\"lightbox-trigger\"\n\t\t\ttype=\"button\"\n\t\t\taria-haspopup=\"dialog\"\n\t\t\taria-label=\"Agrandar\"\n\t\t\tdata-wp-init=\"callbacks.initTriggerButton\"\n\t\t\tdata-wp-on--click=\"actions.showLightbox\"\n\t\t\tdata-wp-style--right=\"state.imageButtonRight\"\n\t\t\tdata-wp-style--top=\"state.imageButtonTop\"\n\t\t>\n\t\t\t<svg xmlns=\"http:\/\/www.w3.org\/2000\/svg\" width=\"12\" height=\"12\" fill=\"none\" viewBox=\"0 0 12 12\">\n\t\t\t\t<path fill=\"#fff\" d=\"M2 0a2 2 0 0 0-2 2v2h1.5V2a.5.5 0 0 1 .5-.5h2V0H2Zm2 10.5H2a.5.5 0 0 1-.5-.5V8H0v2a2 2 0 0 0 2 2h2v-1.5ZM8 12v-1.5h2a.5.5 0 0 0 .5-.5V8H12v2a2 2 0 0 1-2 2H8Zm2-12a2 2 0 0 1 2 2v2h-1.5V2a.5.5 0 0 0-.5-.5H8V0h2Z\" \/>\n\t\t\t<\/svg>\n\t\t<\/button><\/figure>\n<\/div><\/div>\n<\/div>\n\n\n\n<div class=\"wp-block-column is-vertically-aligned-center is-layout-flow wp-block-column-is-layout-flow\">\n<h2 class=\"wp-block-heading has-text-align-left\" style=\"font-size:42px\"><strong>Monto m\u00ednimo en primera compra y reposici\u00f3n<\/strong><\/h2>\n\n\n\n<p class=\"has-text-align-left\">Este plugin, pensado especialmente para tiendas mayoristas, permite establecer un importe m\u00ednimo para la primera compra del cliente y un importe m\u00ednimo para la reposici\u00f3n (compras posteriores). En caso de no cumplir con los montos establecidos, el plugin no permite avanzar al checkout, mostrando un aviso con el importe que falta para alcanzar el m\u00ednimo.<\/p>\n\n\n\n<div style=\"height:21px\" aria-hidden=\"true\" class=\"wp-block-spacer desktop-only\"><\/div>\n\n\n\n<div class=\"wp-block-buttons alignfull is-content-justification-left is-nowrap is-layout-flex wp-container-core-buttons-is-layout-6447b855 wp-block-buttons-is-layout-flex\">\n<div class=\"wp-block-button no-margin-left\"><a class=\"wp-block-button__link wp-element-button\" href=\"https:\/\/samuelrotker.dev\/es\/contacto\/\">Solicitar<\/a><\/div>\n<\/div>\n\n\n\n<div style=\"height:21px\" aria-hidden=\"true\" class=\"wp-block-spacer\"><\/div>\n<\/div>\n<\/div>\n<\/div><\/div>\n\n\n\n<div style=\"height:15px\" aria-hidden=\"true\" class=\"wp-block-spacer\"><\/div>\n","protected":false},"excerpt":{"rendered":"<p>Tienda modelo Tema basado en WooCommerce que personalizao con el Look &amp; Feel de la marca del cliente.Est\u00e1 optimizado para posicionamiento, rendimiento y conversi\u00f3n. Optimizaci\u00f3n todo-en-uno Mejora la velocidad de carga, el posicionamiento y la seguridad de tu sitio web mediante: Variaciones en la p\u00e1gina de la tienda Este plugin muestra las opciones de variaciones [&hellip;]<\/p>\n","protected":false},"author":1,"featured_media":2894,"parent":0,"menu_order":0,"comment_status":"closed","ping_status":"closed","template":"","meta":{"_genesis_hide_title":true,"_genesis_hide_breadcrumbs":false,"_genesis_hide_singular_image":false,"_genesis_hide_footer_widgets":false,"_genesis_custom_body_class":"projects products","_genesis_custom_post_class":"","_genesis_layout":"","footnotes":""},"class_list":{"0":"post-34","1":"page","2":"type-page","3":"status-publish","4":"has-post-thumbnail","6":"entry"},"_links":{"self":[{"href":"https:\/\/samuelrotker.dev\/es\/wp-json\/wp\/v2\/pages\/34","targetHints":{"allow":["GET"]}}],"collection":[{"href":"https:\/\/samuelrotker.dev\/es\/wp-json\/wp\/v2\/pages"}],"about":[{"href":"https:\/\/samuelrotker.dev\/es\/wp-json\/wp\/v2\/types\/page"}],"author":[{"embeddable":true,"href":"https:\/\/samuelrotker.dev\/es\/wp-json\/wp\/v2\/users\/1"}],"replies":[{"embeddable":true,"href":"https:\/\/samuelrotker.dev\/es\/wp-json\/wp\/v2\/comments?post=34"}],"version-history":[{"count":2,"href":"https:\/\/samuelrotker.dev\/es\/wp-json\/wp\/v2\/pages\/34\/revisions"}],"predecessor-version":[{"id":3624,"href":"https:\/\/samuelrotker.dev\/es\/wp-json\/wp\/v2\/pages\/34\/revisions\/3624"}],"wp:featuredmedia":[{"embeddable":true,"href":"https:\/\/samuelrotker.dev\/es\/wp-json\/wp\/v2\/media\/2894"}],"wp:attachment":[{"href":"https:\/\/samuelrotker.dev\/es\/wp-json\/wp\/v2\/media?parent=34"}],"curies":[{"name":"wp","href":"https:\/\/api.w.org\/{rel}","templated":true}]}}