{"id":32,"date":"2022-12-28T22:03:29","date_gmt":"2022-12-28T22:03:29","guid":{"rendered":"https:\/\/samuelrotker.dev\/?page_id=32"},"modified":"2025-12-22T12:02:48","modified_gmt":"2025-12-22T18:02:48","slug":"servicio","status":"publish","type":"page","link":"https:\/\/samuelrotker.dev\/es\/servicio\/","title":{"rendered":"Servicio"},"content":{"rendered":"\n<div class=\"wp-block-group alignfull has-background\" style=\"background-color:#3a184b\"><div class=\"wp-block-group__inner-container is-layout-constrained wp-block-group-is-layout-constrained\">\n<div class=\"wp-block-cover aligncenter service-cover\"><span aria-hidden=\"true\" class=\"wp-block-cover__background has-background-dim-0 has-background-dim\" style=\"background-color:#07571a\"><\/span><img decoding=\"async\" width=\"1200\" height=\"630\" src=\"https:\/\/samuelrotker.dev\/es\/wp-content\/uploads\/sites\/3\/samuelrotker_dev-web_holistic_development-og.jpg\" class=\"wp-block-cover__image-background wp-post-image\" alt=\"\" data-object-fit=\"cover\" srcset=\"https:\/\/samuelrotker.dev\/es\/wp-content\/uploads\/sites\/3\/samuelrotker_dev-web_holistic_development-og.jpg 1200w, https:\/\/samuelrotker.dev\/es\/wp-content\/uploads\/sites\/3\/samuelrotker_dev-web_holistic_development-og-300x158.jpg 300w, https:\/\/samuelrotker.dev\/es\/wp-content\/uploads\/sites\/3\/samuelrotker_dev-web_holistic_development-og-1024x538.jpg 1024w, https:\/\/samuelrotker.dev\/es\/wp-content\/uploads\/sites\/3\/samuelrotker_dev-web_holistic_development-og-768x403.jpg 768w\" sizes=\"(max-width: 1200px) 100vw, 1200px\" fetchpriority=\"high\" loading=\"eager\" \/><div class=\"wp-block-cover__inner-container is-layout-flow wp-block-cover-is-layout-flow\">\n<h1 class=\"wp-block-heading has-text-align-center has-text-color\" style=\"color:#fdfdfd\"><strong>Desarrollo web integral<\/strong><span class=\"cover-space\"> <\/span><br><strong>para crecimiento y conversi\u00f3n<\/strong><\/h1>\n\n\n\n<p class=\"has-text-align-center\">Un enfoque estrat\u00e9gico y panor\u00e1mico que alinea tu sitio web<span class=\"cover-space\"><\/span><br>con tu marca, desde los cimientos hasta el \u00faltimo p\u00edxel.<\/p>\n\n\n\n<div class=\"wp-block-buttons alignwide is-content-justification-center is-layout-flex wp-container-core-buttons-is-layout-16018d1d wp-block-buttons-is-layout-flex\">\n<div class=\"wp-block-button is-style-outline is-style-outline--1\"><a class=\"wp-block-button__link wp-element-button\" href=\"#contacto\" style=\"border-radius:100px\">Con tacto<\/a><\/div>\n<\/div>\n<\/div><\/div>\n<\/div><\/div>\n\n\n\n<div style=\"height:10px\" aria-hidden=\"true\" class=\"wp-block-spacer\"><\/div>\n\n\n\n<div class=\"wp-block-group sar-web-features is-content-justification-center is-nowrap is-layout-flex wp-container-core-group-is-layout-94bc23d7 wp-block-group-is-layout-flex\"><div class=\"wp-block-image\">\n<figure class=\"aligncenter size-large is-resized\"><img decoding=\"async\" src=\"https:\/\/api.iconify.design\/icon-park-twotone\/six-circular-connection.svg\" alt=\"\" style=\"width:125px\"\/><\/figure>\n<\/div><\/div>\n\n\n\n<div style=\"height:10px\" aria-hidden=\"true\" class=\"wp-block-spacer\"><\/div>\n\n\n\n<h2 class=\"wp-block-heading has-text-align-center\"><strong><strong><strong>Tu sitio web como una parte viva de tu negocio<\/strong><\/strong><\/strong><\/h2>\n\n\n\n<hr class=\"wp-block-separator aligncenter has-alpha-channel-opacity is-style-default\"\/>\n\n\n\n<p class=\"has-text-align-center justify\">No solo una cara bonita. <br>Sino un sistema dise\u00f1ado para atraer, convertir y potenciar el crecimiento.<br>Porque tu sitio web no deber\u00eda limitarse a existir.<br>Deber\u00eda <em>funcionar<\/em>. Para tu marca, para tu equipo, para tus clientes.<\/p>\n\n\n\n<p class=\"has-text-align-center\">Para eso, hay que entender las verdaderas necesidades de tu negocio.<br>Y qu\u00e9 es eso que hace que alguien diga: \u201cEsto es\u201d.<br>Reci\u00e9n entonces, empieza la creaci\u00f3n del sitio web.<\/p>\n\n\n\n<div style=\"height:15px\" aria-hidden=\"true\" class=\"wp-block-spacer desktop-only\"><\/div>\n\n\n\n<div class=\"wp-block-group alignfull testimonio has-background\" style=\"background-color:#f3fffa\"><div class=\"wp-block-group__inner-container is-layout-constrained wp-block-group-is-layout-constrained\">\n<div style=\"height:44px\" aria-hidden=\"true\" class=\"wp-block-spacer\"><\/div>\n\n\n\n<div class=\"wp-block-group about-values\"><div class=\"wp-block-group__inner-container is-layout-constrained wp-block-group-is-layout-constrained\">\n<p class=\"has-text-align-center\"><strong>Este servicio no se trata de agregar funcionalidades.<\/strong><br>Se trata de entender qu\u00e9 deber\u00eda hacer realmente tu sitio web para tu negocio<br>y construir solo aquello que lo sostiene.<\/p>\n\n\n\n<hr class=\"wp-block-separator has-alpha-channel-opacity\"\/>\n\n\n\n<blockquote class=\"wp-block-quote no-margin-bottom is-layout-flow wp-block-quote-is-layout-flow\">\n<p class=\"has-text-align-center\">\u201cSu capacidad para identificar con claridad qu\u00e9 era necesario y qu\u00e9 era realmente importante fue invaluable.\u201d<\/p>\n<\/blockquote>\n\n\n\n<div style=\"height:15px\" aria-hidden=\"true\" class=\"wp-block-spacer\"><\/div>\n\n\n\n<p class=\"has-text-align-center\"><strong>K B Osher<\/strong><br>Autora de libros infantiles<\/p>\n\n\n\n<div style=\"height:33px\" aria-hidden=\"true\" class=\"wp-block-spacer desktop-only\"><\/div>\n<\/div><\/div>\n<\/div><\/div>\n\n\n\n<div class=\"wp-block-group\"><div class=\"wp-block-group__inner-container is-layout-constrained wp-block-group-is-layout-constrained\">\n<div class=\"wp-block-group sar-web-features is-content-justification-center is-nowrap is-layout-flex wp-container-core-group-is-layout-94bc23d7 wp-block-group-is-layout-flex\"><div class=\"wp-block-image\">\n<figure class=\"aligncenter size-large is-resized\"><img decoding=\"async\" src=\"https:\/\/api.iconify.design\/mdi\/transit-connection-horizontal.svg\" alt=\"\" style=\"width:135px\"\/><\/figure>\n<\/div><\/div>\n\n\n\n<h2 class=\"wp-block-heading has-text-align-center\"><strong>C\u00f3mo se conecta todo<\/strong><\/h2>\n\n\n\n<hr class=\"wp-block-separator aligncenter has-alpha-channel-opacity is-style-default\"\/>\n\n\n\n<p class=\"has-text-align-center justify\">Cada parte de tu presencia online est\u00e1 contemplada. <br>No solo el sitio web, sino el sistema que lo rodea.<\/p>\n\n\n\n<div style=\"height:10px\" aria-hidden=\"true\" class=\"wp-block-spacer\"><\/div>\n<\/div><\/div>\n\n\n\n<div class=\"wp-block-group alignwide service-grid\"><div class=\"wp-block-group__inner-container is-layout-constrained wp-block-group-is-layout-constrained\">\n<div class=\"wp-block-group service-item strategic-foundation\"><div class=\"wp-block-group__inner-container is-layout-flow wp-block-group-is-layout-flow\">\n<p><span class=\"iconify\" data-icon=\"ph:lightbulb-filament\"><\/span><\/p>\n\n\n\n<h4 class=\"wp-block-heading\">Fundado en estrategia<\/h4>\n\n\n\n<p>Objetivos, p\u00fablico y posicionamiento claros desde el inicio. Para que estructura, SEO y mensaje trabajen alineados en convertir.<\/p>\n<\/div><\/div>\n\n\n\n<div class=\"wp-block-group service-item technical-setup\"><div class=\"wp-block-group__inner-container is-layout-flow wp-block-group-is-layout-flow\">\n<p><span class=\"iconify\" data-icon=\"ph:globe-simple\"><\/span><\/p>\n\n\n\n<h4 class=\"wp-block-heading\"><strong><strong>Base t\u00e9cnica bien plantada<\/strong><\/strong><\/h4>\n\n\n\n<p>Dominio, hosting, email y performance configurados de forma segura, a tu nombre y listos para escalar.<\/p>\n<\/div><\/div>\n\n\n\n<div class=\"wp-block-group service-item real-teams\"><div class=\"wp-block-group__inner-container is-layout-flow wp-block-group-is-layout-flow\">\n<p><span class=\"iconify\" data-icon=\"streamline-ultimate:team-meeting-bold\"><\/span><\/p>\n\n\n\n<h4 class=\"wp-block-heading\">Adaptado para quien lo gestiona<\/h4>\n\n\n\n<p>Roles, flujos y contenidos dise\u00f1ados para que administrar y mantener el sitio sea simple y eficiente.<\/p>\n<\/div><\/div>\n\n\n\n<div class=\"wp-block-group service-item simplified-backend\"><div class=\"wp-block-group__inner-container is-layout-flow wp-block-group-is-layout-flow\">\n<p><span class=\"iconify\" data-icon=\"ph:layout\"><\/span><\/p>\n\n\n\n<h4 class=\"wp-block-heading\">Backend limpio y funcional<\/h4>\n\n\n\n<p>Una interfaz clara y adaptada a tus tareas. Publicar contenido va a ser simple, fluido y sin complicaciones.<\/p>\n<\/div><\/div>\n\n\n\n<div class=\"wp-block-group service-item custom-features\"><div class=\"wp-block-group__inner-container is-layout-flow wp-block-group-is-layout-flow\">\n<p><span class=\"iconify\" data-icon=\"ph:puzzle-piece\"><\/span><\/p>\n\n\n\n<h4 class=\"wp-block-heading\">Funcionalidades a medida<\/h4>\n\n\n\n<p>Desde reservas hasta listados din\u00e1micos, todo se adapta a tus procesos, no al rev\u00e9s.<\/p>\n<\/div><\/div>\n\n\n\n<div class=\"wp-block-group service-item launch-support\"><div class=\"wp-block-group__inner-container is-layout-flow wp-block-group-is-layout-flow\">\n<p><span class=\"iconify\" data-icon=\"ph:lifebuoy\"><\/span><\/p>\n\n\n\n<h4 class=\"wp-block-heading\">Soporte post-lanzamiento<\/h4>\n\n\n\n<p>Formaci\u00f3n y seguimiento para que tomes el control de tu sitio web con confianza y determinaci\u00f3n.<\/p>\n<\/div><\/div>\n<\/div><\/div>\n\n\n\n<div style=\"height:15px\" aria-hidden=\"true\" class=\"wp-block-spacer\"><\/div>\n\n\n\n<hr class=\"wp-block-separator alignwide has-alpha-channel-opacity is-style-wide\"\/>\n\n\n\n<div class=\"wp-block-group sar-web-features is-content-justification-center is-nowrap is-layout-flex wp-container-core-group-is-layout-94bc23d7 wp-block-group-is-layout-flex\"><div class=\"wp-block-image\">\n<figure class=\"aligncenter size-large is-resized\"><img decoding=\"async\" src=\"https:\/\/api.iconify.design\/solar\/heart-shine-bold-duotone.svg\" alt=\"\" style=\"width:135px\"\/><\/figure>\n<\/div><\/div>\n\n\n\n<div style=\"height:15px\" aria-hidden=\"true\" class=\"wp-block-spacer\"><\/div>\n\n\n\n<h2 class=\"wp-block-heading has-text-align-center\"><strong>Y s\u00ed, hecho con amor<\/strong><\/h2>\n\n\n\n<hr class=\"wp-block-separator aligncenter has-alpha-channel-opacity is-style-default\"\/>\n\n\n\n<p class=\"has-text-align-center\"><strong>No es solo c\u00f3digo. Es dedicaci\u00f3n.<br><\/strong>Creo cada sitio web con intenci\u00f3n, atenci\u00f3n al detalle y compromiso. <br>Porque creo que tu negocio merece una presencia digital que se sienta tan viva y alineada como tu marca.<\/p>\n\n\n\n<p class=\"has-text-align-center\">Este enfoque nace de la experiencia. <br>Ac\u00e1 puedes ver una <a href=\"https:\/\/samuelrotker.dev\/es\/proyectos\/\" data-type=\"page\" data-id=\"36\">selecci\u00f3n de proyectos<\/a> que lo fueron moldeando.<\/p>\n\n\n\n<p class=\"has-text-align-center\"><strong>Si esto te hace sentido y es momento de ir en serio,<\/strong><br><a href=\"#contacto\" data-type=\"internal\" data-id=\"#contacto\">empecemos la conversaci\u00f3n<\/a><br><a href=\"#contacto\">\u2193<\/a><\/p>\n\n\n\n<div style=\"height:29px\" aria-hidden=\"true\" class=\"wp-block-spacer\"><\/div>\n\n\n\n<div class=\"wp-block-group alignfull\"><div class=\"wp-block-group__inner-container is-layout-constrained wp-block-group-is-layout-constrained\">\n<div class=\"wp-block-group alignfull has-background\" style=\"background:linear-gradient(3deg,rgb(14,76,62) 46%,rgb(255,255,255) 64%)\"><div class=\"wp-block-group__inner-container is-layout-constrained wp-block-group-is-layout-constrained\">\n<div style=\"height:140px\" aria-hidden=\"true\" class=\"wp-block-spacer\"><\/div>\n<\/div><\/div>\n\n\n\n<div class=\"wp-block-group alignfull has-background\" id=\"contacto\" style=\"background-color:#0e4c3e\"><div class=\"wp-block-group__inner-container is-layout-constrained wp-block-group-is-layout-constrained\">\n<div class=\"wp-block-group bloque-angosto\"><div class=\"wp-block-group__inner-container is-layout-constrained wp-block-group-is-layout-constrained\">\n<h2 class=\"wp-block-heading has-text-align-center has-text-color has-link-color wp-elements-d1ece590106b286e68a56f85f25786ec\" style=\"color:#ffffff;font-size:42px\"><strong>Con tacto<\/strong><\/h2>\n\n\n\n<p class=\"has-text-align-center has-text-color has-link-color wp-elements-95a355c99aa7d6979fed61cd2a1e8761\" style=\"color:#ffffff\">Gracias por tomarte el tiempo de contactarme.<br>Por favor cu\u00e9ntame sobre tu proyecto o negocio para saber c\u00f3mo puedo ayudarte mejor.<\/p>\n\n\n\n<div class=\"wp-block-contact-form-7-contact-form-selector\">\n<div class=\"wpcf7 no-js\" id=\"wpcf7-f537-o1\" lang=\"en-US\" dir=\"ltr\" data-wpcf7-id=\"537\">\n<div class=\"screen-reader-response\"><p role=\"status\" aria-live=\"polite\" aria-atomic=\"true\"><\/p> <ul><\/ul><\/div>\n<form action=\"\/es\/wp-json\/wp\/v2\/pages\/32#wpcf7-f537-o1\" method=\"post\" class=\"wpcf7-form init\" aria-label=\"Contact form\" novalidate=\"novalidate\" data-status=\"init\">\n<fieldset class=\"hidden-fields-container\"><input type=\"hidden\" name=\"_wpcf7\" value=\"537\" \/><input type=\"hidden\" name=\"_wpcf7_version\" value=\"6.1.5\" \/><input type=\"hidden\" name=\"_wpcf7_locale\" value=\"en_US\" \/><input type=\"hidden\" name=\"_wpcf7_unit_tag\" value=\"wpcf7-f537-o1\" \/><input type=\"hidden\" name=\"_wpcf7_container_post\" value=\"0\" \/><input type=\"hidden\" name=\"_wpcf7_posted_data_hash\" value=\"\" \/>\n<\/fieldset>\n<p><label class=\"cf7-name\"><span class=\"wpcf7-form-control-wrap\" data-name=\"your-name\"><input size=\"40\" maxlength=\"400\" class=\"wpcf7-form-control wpcf7-text wpcf7-validates-as-required\" autocomplete=\"name\" aria-required=\"true\" aria-invalid=\"false\" placeholder=\"Nombre\" value=\"\" type=\"text\" name=\"your-name\" \/><\/span><\/label>\n<\/p>\n<p><label class=\"cf7-email\"><span class=\"wpcf7-form-control-wrap\" data-name=\"your-email\"><input size=\"40\" maxlength=\"400\" class=\"wpcf7-form-control wpcf7-email wpcf7-validates-as-required wpcf7-text wpcf7-validates-as-email\" autocomplete=\"email\" aria-required=\"true\" aria-invalid=\"false\" placeholder=\"Email\" value=\"\" type=\"email\" name=\"your-email\" \/><\/span> <\/label>\n<\/p>\n<p class=\"cf7-name\"><label class=\"cf7-hidden-label\" for=\"menu-526\">\u00bfC\u00f3mo me encontraste?<\/label><span class=\"wpcf7-form-control-wrap\" data-name=\"menu-526\"><select class=\"wpcf7-form-control wpcf7-select wpcf7-validates-as-required\" id=\"menu-526\" aria-required=\"true\" aria-invalid=\"false\" name=\"menu-526\"><option value=\"\">\u00bfC\u00f3mo me encontraste?<\/option><option value=\"Google\">Google<\/option><option value=\"Linkedin\">Linkedin<\/option><option value=\"Por recomendaci\u00f3n\">Por recomendaci\u00f3n<\/option><option value=\"Otro\">Otro<\/option><\/select><\/span>\n<\/p>\n<p><label class=\"cf7-email\"><span class=\"wpcf7-form-control-wrap\" data-name=\"url-135\"><input size=\"40\" maxlength=\"400\" class=\"wpcf7-form-control wpcf7-url wpcf7-text wpcf7-validates-as-url\" aria-invalid=\"false\" placeholder=\"Sitio web\" value=\"\" type=\"url\" name=\"url-135\" \/><\/span><\/label>\n<\/p>\n<p><label class=\"cf7-msg\"><span class=\"wpcf7-form-control-wrap\" data-name=\"your-message\"><textarea cols=\"40\" rows=\"5\" maxlength=\"2000\" class=\"wpcf7-form-control wpcf7-textarea wpcf7-validates-as-required\" aria-required=\"true\" aria-invalid=\"false\" placeholder=\"\u00bfC\u00f3mo te puedo ayudar?\" name=\"your-message\"><\/textarea><\/span> <\/label>\n<\/p>\n<p class=\"cf7-submit\"><input class=\"wpcf7-form-control wpcf7-submit has-spinner\" type=\"submit\" value=\"Send\" \/>\n<\/p><p style=\"display: none !important;\" class=\"akismet-fields-container\" data-prefix=\"_wpcf7_ak_\"><label>&#916;<textarea name=\"_wpcf7_ak_hp_textarea\" cols=\"45\" rows=\"8\" maxlength=\"100\"><\/textarea><\/label><input type=\"hidden\" id=\"ak_js_1\" name=\"_wpcf7_ak_js\" value=\"193\"\/><script>document.getElementById( \"ak_js_1\" ).setAttribute( \"value\", ( new Date() ).getTime() );<\/script><\/p><div class=\"wpcf7-response-output\" aria-hidden=\"true\"><\/div>\n<\/form>\n<\/div>\n<\/div>\n<\/div><\/div>\n<\/div><\/div>\n\n\n\n<div class=\"wp-block-group alignfull has-background\" style=\"background:linear-gradient(177deg,rgb(14,76,62) 46%,rgb(38,38,38) 66%)\"><div class=\"wp-block-group__inner-container is-layout-constrained wp-block-group-is-layout-constrained\">\n<div style=\"height:140px\" aria-hidden=\"true\" class=\"wp-block-spacer\"><\/div>\n<\/div><\/div>\n<\/div><\/div>\n","protected":false},"excerpt":{"rendered":"<p>Tu sitio web como una parte viva de tu negocio No solo una cara bonita. Sino un sistema dise\u00f1ado para atraer, convertir y potenciar el crecimiento.Porque tu sitio web no deber\u00eda limitarse a existir.Deber\u00eda funcionar. Para tu marca, para tu equipo, para tus clientes. Para eso, hay que entender las verdaderas necesidades de tu negocio.Y [&hellip;]<\/p>\n","protected":false},"author":1,"featured_media":3069,"parent":0,"menu_order":0,"comment_status":"closed","ping_status":"closed","template":"","meta":{"_genesis_hide_title":true,"_genesis_hide_breadcrumbs":false,"_genesis_hide_singular_image":false,"_genesis_hide_footer_widgets":false,"_genesis_custom_body_class":"projects service","_genesis_custom_post_class":"","_genesis_layout":"","footnotes":""},"class_list":{"0":"post-32","1":"page","2":"type-page","3":"status-publish","4":"has-post-thumbnail","6":"entry"},"_links":{"self":[{"href":"https:\/\/samuelrotker.dev\/es\/wp-json\/wp\/v2\/pages\/32","targetHints":{"allow":["GET"]}}],"collection":[{"href":"https:\/\/samuelrotker.dev\/es\/wp-json\/wp\/v2\/pages"}],"about":[{"href":"https:\/\/samuelrotker.dev\/es\/wp-json\/wp\/v2\/types\/page"}],"author":[{"embeddable":true,"href":"https:\/\/samuelrotker.dev\/es\/wp-json\/wp\/v2\/users\/1"}],"replies":[{"embeddable":true,"href":"https:\/\/samuelrotker.dev\/es\/wp-json\/wp\/v2\/comments?post=32"}],"version-history":[{"count":24,"href":"https:\/\/samuelrotker.dev\/es\/wp-json\/wp\/v2\/pages\/32\/revisions"}],"predecessor-version":[{"id":3714,"href":"https:\/\/samuelrotker.dev\/es\/wp-json\/wp\/v2\/pages\/32\/revisions\/3714"}],"wp:featuredmedia":[{"embeddable":true,"href":"https:\/\/samuelrotker.dev\/es\/wp-json\/wp\/v2\/media\/3069"}],"wp:attachment":[{"href":"https:\/\/samuelrotker.dev\/es\/wp-json\/wp\/v2\/media?parent=32"}],"curies":[{"name":"wp","href":"https:\/\/api.w.org\/{rel}","templated":true}]}}