{"id":2613,"date":"2024-01-05T12:59:26","date_gmt":"2024-01-05T18:59:26","guid":{"rendered":"https:\/\/samuelrotker.dev\/?page_id=2613"},"modified":"2025-05-27T16:08:25","modified_gmt":"2025-05-27T22:08:25","slug":"tienda-modelo","status":"publish","type":"page","link":"https:\/\/samuelrotker.dev\/es\/recursos\/tienda-modelo\/","title":{"rendered":"Tienda modelo"},"content":{"rendered":"\n<div class=\"wp-block-group alignwide\" id=\"model-store\"><div class=\"wp-block-group__inner-container is-layout-constrained wp-block-group-is-layout-constrained\">\n<div style=\"height:34px\" aria-hidden=\"true\" class=\"wp-block-spacer\"><\/div>\n\n\n\n<p><a href=\"https:\/\/samuelrotker.dev\/es\/recursos\/\" data-type=\"page\" data-id=\"34\">\u2190Volver<\/a><\/p>\n\n\n\n<h2 class=\"wp-block-heading has-text-align-center\" style=\"font-size:42px\"><strong>Tienda modelo<\/strong><\/h2>\n\n\n\n<p class=\"has-text-align-center\">Tema basado en WooCommerce personalizado con el Look &amp; Feel de tu marca.<br>Flexible, estable y 100% compatible. Optimizado para rendimiento, posicionamiento y conversi\u00f3n.<\/p>\n\n\n\n<hr class=\"wp-block-separator aligncenter has-alpha-channel-opacity is-style-default\"\/>\n\n\n\n<div class=\"wp-block-cb-carousel alignwide cb-single-slide\" data-slick=\"{&quot;slidesToShow&quot;:1,&quot;slidesToScroll&quot;:1,&quot;speed&quot;:300,&quot;arrows&quot;:true,&quot;dots&quot;:false,&quot;autoplay&quot;:false,&quot;autoplaySpeed&quot;:3000,&quot;infinite&quot;:false,&quot;responsive&quot;:[{&quot;breakpoint&quot;:961,&quot;settings&quot;:{&quot;slidesToShow&quot;:1,&quot;slidesToScroll&quot;:1}}]}\">\n<div class=\"wp-block-cb-slide\">\n<figure class=\"wp-block-image size-large is-resized\"><img decoding=\"async\" src=\"https:\/\/samuelrotker.dev\/es\/wp-content\/uploads\/sites\/3\/Tienda-modelo-portada-1.jpg\" alt=\"\" style=\"width:1058px;height:auto\"\/><figcaption class=\"wp-element-caption\">Banner de portada f\u00e1cil de cambiar para mostrar t\u00edtulos de marca, promociones, ofertas, entre otros.<\/figcaption><\/figure>\n<\/div>\n\n\n\n<div class=\"wp-block-cb-slide\">\n<figure class=\"wp-block-image size-large\"><img decoding=\"async\" src=\"https:\/\/samuelrotker.dev\/es\/wp-content\/uploads\/sites\/3\/Tienda-modelo-selected-and-on-sale-sections.jpg\" alt=\"\"\/><figcaption class=\"wp-element-caption\">Categor\u00edas, productos destacados, secciones en oferta y los m\u00e1s vendidos.<\/figcaption><\/figure>\n<\/div>\n\n\n\n<div class=\"wp-block-cb-slide\">\n<figure class=\"wp-block-image size-large is-resized\"><img decoding=\"async\" src=\"https:\/\/samuelrotker.dev\/es\/wp-content\/uploads\/sites\/3\/Tienda-modelo-best-sellers-section.jpg\" alt=\"\" style=\"width:1058px;height:auto\"\/><figcaption class=\"wp-element-caption\">Secci\u00f3n de caracter\u00edsticas principales con \u00edconos, \u00edconos de redes sociales y bot\u00f3n flotante de Whatsapp.<\/figcaption><\/figure>\n<\/div>\n\n\n\n<div class=\"wp-block-cb-slide\">\n<figure class=\"wp-block-image size-large is-resized\"><img decoding=\"async\" src=\"https:\/\/samuelrotker.dev\/es\/wp-content\/uploads\/sites\/3\/Tienda-modelo-tienda.jpg\" alt=\"\" style=\"width:1058px;height:auto\"\/><figcaption class=\"wp-element-caption\">P\u00e1gina de la tienda con filtros por categor\u00edas, atributos y precio en la barra lateral.<\/figcaption><\/figure>\n<\/div>\n\n\n\n<div class=\"wp-block-cb-slide\">\n<figure class=\"wp-block-image size-large\"><img decoding=\"async\" src=\"https:\/\/samuelrotker.dev\/es\/wp-content\/uploads\/sites\/3\/Tienda-modelo-category-page.jpg\" alt=\"\"\/><figcaption class=\"wp-element-caption\">P\u00e1gina de categor\u00eda.<\/figcaption><\/figure>\n<\/div>\n\n\n\n<div class=\"wp-block-cb-slide\">\n<figure class=\"wp-block-image size-large is-resized\"><img decoding=\"async\" src=\"https:\/\/samuelrotker.dev\/es\/wp-content\/uploads\/sites\/3\/Tienda-modelo-producto.jpg\" alt=\"\" style=\"width:1058px;height:auto\"\/><figcaption class=\"wp-element-caption\">P\u00e1gina de producto con botones \u00aba\u00f1adir al carrito\u00bb, \u00abcomprar ahora\u00bb y calculadora de env\u00edos.<\/figcaption><\/figure>\n<\/div>\n\n\n\n<div class=\"wp-block-cb-slide\">\n<figure class=\"wp-block-image size-large\"><img decoding=\"async\" src=\"https:\/\/samuelrotker.dev\/es\/wp-content\/uploads\/sites\/3\/Tienda-modelo-carrito.jpg\" alt=\"\"\/><figcaption class=\"wp-element-caption\">Carrito Ajax que abre y actualiza los subtotales sin tener que recargar la p\u00e1gina.<\/figcaption><\/figure>\n<\/div>\n\n\n\n<div class=\"wp-block-cb-slide\">\n<figure class=\"wp-block-image size-large\"><img decoding=\"async\" src=\"https:\/\/samuelrotker.dev\/es\/wp-content\/uploads\/sites\/3\/Tienda-modelo-producto-variable.jpg\" alt=\"\"\/><figcaption class=\"wp-element-caption\">Productos variables con galer\u00eda de im\u00e1genes para cada variaci\u00f3n y botones estilizados.<\/figcaption><\/figure>\n<\/div>\n\n\n\n<div class=\"wp-block-cb-slide\">\n<figure class=\"wp-block-image size-large\"><img decoding=\"async\" src=\"https:\/\/samuelrotker.dev\/es\/wp-content\/uploads\/sites\/3\/Tienda-modelo-productos-relacionados.jpg\" alt=\"\"\/><figcaption class=\"wp-element-caption\">Secci\u00f3n de productos relacionados para Up-Selling y Cross-Selling.<\/figcaption><\/figure>\n<\/div>\n\n\n\n<div class=\"wp-block-cb-slide\">\n<figure class=\"wp-block-image size-large is-resized\"><img decoding=\"async\" src=\"https:\/\/samuelrotker.dev\/es\/wp-content\/uploads\/sites\/3\/Tienda-modelo-checkout.jpg\" alt=\"\" style=\"width:1058px;height:auto\"\/><figcaption class=\"wp-element-caption\">Pago en varios pasos o en una p\u00e1gina con el resumen del pedido en el lateral.<\/figcaption><\/figure>\n<\/div>\n\n\n\n<div class=\"wp-block-cb-slide\">\n<figure class=\"wp-block-gallery has-nested-images columns-default is-cropped wp-block-gallery-1 is-layout-flex wp-block-gallery-is-layout-flex\">\n<figure class=\"wp-block-image size-large tm-mobile\"><img decoding=\"async\" src=\"https:\/\/samuelrotker.dev\/es\/wp-content\/uploads\/sites\/3\/Tienda-modelo-mobile.jpg\" alt=\"\"\/><\/figure>\n<figcaption class=\"blocks-gallery-caption wp-element-caption\">Y, por supuesto, responsive. Versi\u00f3n m\u00f3vil.<\/figcaption><\/figure>\n<\/div>\n<\/div>\n\n\n\n<div style=\"height:22px\" aria-hidden=\"true\" class=\"wp-block-spacer\"><\/div>\n\n\n\n<h3 class=\"wp-block-heading has-text-align-center\" style=\"font-size:32px\">Ejemplos<\/h3>\n\n\n\n<figure class=\"wp-block-gallery has-nested-images columns-default is-cropped wp-block-gallery-2 is-layout-flex wp-block-gallery-is-layout-flex\">\n<figure data-wp-context=\"{&quot;imageId&quot;:&quot;69e004aaa75dc&quot;}\" data-wp-interactive=\"core\/image\" data-wp-key=\"69e004aaa75dc\" class=\"wp-block-image size-large wp-lightbox-container\"><img decoding=\"async\" data-wp-class--hide=\"state.isContentHidden\" data-wp-class--show=\"state.isContentVisible\" data-wp-init=\"callbacks.setButtonStyles\" data-wp-on--click=\"actions.showLightbox\" data-wp-on--load=\"callbacks.setButtonStyles\" data-wp-on-window--resize=\"callbacks.setButtonStyles\" src=\"https:\/\/samuelrotker.dev\/es\/wp-content\/uploads\/sites\/3\/SAR_DEV-Amalfi-Desktop.jpg\" alt=\"\"\/><button\n\t\t\tclass=\"lightbox-trigger\"\n\t\t\ttype=\"button\"\n\t\t\taria-haspopup=\"dialog\"\n\t\t\taria-label=\"Agrandar\"\n\t\t\tdata-wp-init=\"callbacks.initTriggerButton\"\n\t\t\tdata-wp-on--click=\"actions.showLightbox\"\n\t\t\tdata-wp-style--right=\"state.imageButtonRight\"\n\t\t\tdata-wp-style--top=\"state.imageButtonTop\"\n\t\t>\n\t\t\t<svg xmlns=\"http:\/\/www.w3.org\/2000\/svg\" width=\"12\" height=\"12\" fill=\"none\" viewBox=\"0 0 12 12\">\n\t\t\t\t<path fill=\"#fff\" d=\"M2 0a2 2 0 0 0-2 2v2h1.5V2a.5.5 0 0 1 .5-.5h2V0H2Zm2 10.5H2a.5.5 0 0 1-.5-.5V8H0v2a2 2 0 0 0 2 2h2v-1.5ZM8 12v-1.5h2a.5.5 0 0 0 .5-.5V8H12v2a2 2 0 0 1-2 2H8Zm2-12a2 2 0 0 1 2 2v2h-1.5V2a.5.5 0 0 0-.5-.5H8V0h2Z\" \/>\n\t\t\t<\/svg>\n\t\t<\/button><\/figure>\n\n\n\n<figure data-wp-context=\"{&quot;imageId&quot;:&quot;69e004aaa7742&quot;}\" data-wp-interactive=\"core\/image\" data-wp-key=\"69e004aaa7742\" class=\"wp-block-image size-large wp-lightbox-container\"><img decoding=\"async\" data-wp-class--hide=\"state.isContentHidden\" data-wp-class--show=\"state.isContentVisible\" data-wp-init=\"callbacks.setButtonStyles\" data-wp-on--click=\"actions.showLightbox\" data-wp-on--load=\"callbacks.setButtonStyles\" data-wp-on-window--resize=\"callbacks.setButtonStyles\" src=\"https:\/\/samuelrotker.dev\/es\/wp-content\/uploads\/sites\/3\/Tienda-modelo-exmple-ledmo.jpg\" alt=\"\"\/><button\n\t\t\tclass=\"lightbox-trigger\"\n\t\t\ttype=\"button\"\n\t\t\taria-haspopup=\"dialog\"\n\t\t\taria-label=\"Agrandar\"\n\t\t\tdata-wp-init=\"callbacks.initTriggerButton\"\n\t\t\tdata-wp-on--click=\"actions.showLightbox\"\n\t\t\tdata-wp-style--right=\"state.imageButtonRight\"\n\t\t\tdata-wp-style--top=\"state.imageButtonTop\"\n\t\t>\n\t\t\t<svg xmlns=\"http:\/\/www.w3.org\/2000\/svg\" width=\"12\" height=\"12\" fill=\"none\" viewBox=\"0 0 12 12\">\n\t\t\t\t<path fill=\"#fff\" d=\"M2 0a2 2 0 0 0-2 2v2h1.5V2a.5.5 0 0 1 .5-.5h2V0H2Zm2 10.5H2a.5.5 0 0 1-.5-.5V8H0v2a2 2 0 0 0 2 2h2v-1.5ZM8 12v-1.5h2a.5.5 0 0 0 .5-.5V8H12v2a2 2 0 0 1-2 2H8Zm2-12a2 2 0 0 1 2 2v2h-1.5V2a.5.5 0 0 0-.5-.5H8V0h2Z\" \/>\n\t\t\t<\/svg>\n\t\t<\/button><\/figure>\n<figcaption class=\"blocks-gallery-caption wp-element-caption\"><strong>Personalizado con el logo, los colores y la tipograf\u00eda de tu marca.<\/strong><\/figcaption><\/figure>\n\n\n\n<div style=\"height:38px\" aria-hidden=\"true\" class=\"wp-block-spacer\"><\/div>\n\n\n\n<hr class=\"wp-block-separator has-alpha-channel-opacity\"\/>\n\n\n\n<div style=\"height:21px\" aria-hidden=\"true\" class=\"wp-block-spacer\"><\/div>\n\n\n\n<p class=\"has-text-align-center\">Si estas buscando hacer un sitio web, optimizarlo o repensar tu estrategia de conversi\u00f3n, escr\u00edbeme.<\/p>\n\n\n\n<div class=\"wp-block-buttons is-content-justification-center is-layout-flex wp-container-core-buttons-is-layout-16018d1d wp-block-buttons-is-layout-flex\">\n<div class=\"wp-block-button\"><a class=\"wp-block-button__link wp-element-button\" href=\"https:\/\/samuelrotker.dev\/es\/contacto\/\">Con tacto<\/a><\/div>\n<\/div>\n\n\n\n<div style=\"height:38px\" aria-hidden=\"true\" class=\"wp-block-spacer\"><\/div>\n<\/div><\/div>\n","protected":false},"excerpt":{"rendered":"<p>\u2190Volver Tienda modelo Tema basado en WooCommerce personalizado con el Look &amp; Feel de tu marca.Flexible, estable y 100% compatible. Optimizado para rendimiento, posicionamiento y conversi\u00f3n. Ejemplos Si estas buscando hacer un sitio web, optimizarlo o repensar tu estrategia de conversi\u00f3n, escr\u00edbeme.<\/p>\n","protected":false},"author":1,"featured_media":0,"parent":34,"menu_order":0,"comment_status":"closed","ping_status":"closed","template":"","meta":{"_genesis_hide_title":true,"_genesis_hide_breadcrumbs":false,"_genesis_hide_singular_image":false,"_genesis_hide_footer_widgets":false,"_genesis_custom_body_class":"","_genesis_custom_post_class":"","_genesis_layout":"","footnotes":""},"class_list":{"0":"post-2613","1":"page","2":"type-page","3":"status-publish","5":"entry","6":"has-post-thumbnail"},"_links":{"self":[{"href":"https:\/\/samuelrotker.dev\/es\/wp-json\/wp\/v2\/pages\/2613","targetHints":{"allow":["GET"]}}],"collection":[{"href":"https:\/\/samuelrotker.dev\/es\/wp-json\/wp\/v2\/pages"}],"about":[{"href":"https:\/\/samuelrotker.dev\/es\/wp-json\/wp\/v2\/types\/page"}],"author":[{"embeddable":true,"href":"https:\/\/samuelrotker.dev\/es\/wp-json\/wp\/v2\/users\/1"}],"replies":[{"embeddable":true,"href":"https:\/\/samuelrotker.dev\/es\/wp-json\/wp\/v2\/comments?post=2613"}],"version-history":[{"count":0,"href":"https:\/\/samuelrotker.dev\/es\/wp-json\/wp\/v2\/pages\/2613\/revisions"}],"up":[{"embeddable":true,"href":"https:\/\/samuelrotker.dev\/es\/wp-json\/wp\/v2\/pages\/34"}],"wp:attachment":[{"href":"https:\/\/samuelrotker.dev\/es\/wp-json\/wp\/v2\/media?parent=2613"}],"curies":[{"name":"wp","href":"https:\/\/api.w.org\/{rel}","templated":true}]}}